{"id":298,"date":"2021-05-06T08:55:37","date_gmt":"2021-05-06T08:55:37","guid":{"rendered":"https:\/\/lenartoptika.ro\/?page_id=298"},"modified":"2021-05-06T09:00:06","modified_gmt":"2021-05-06T09:00:06","slug":"polaroid","status":"publish","type":"page","link":"https:\/\/lenartoptika.ro\/ro\/polaroid\/","title":{"rendered":"Polaroid"},"content":{"rendered":"<p>[vc_row full_width=&#8221;stretch_row&#8221; el_class=&#8221;inner-toprow&#8221;][vc_column width=&#8221;1\/2&#8243;][vc_custom_heading text=&#8221;Ochelari POLAROID&#8221; font_container=&#8221;tag:h1|text_align:center&#8221; use_theme_fonts=&#8221;yes&#8221;][\/vc_column][vc_column width=&#8221;1\/2&#8243;][vc_column_text]Marca Polaroid are o istorie lung\u0103, de c\u00e2nd era cunoscut\u0103 doar din elementele de fotografie. Ast\u0103zi, o putem descoperi \u00een multe domenii, inclusiv pe pia\u021ba opticii, unde se remarc\u0103 \u0219i \u00een fabricarea de ochelari \u0219i ochelari de soare.[\/vc_column_text][\/vc_column][\/vc_row][vc_row equal_height=&#8221;yes&#8221; content_placement=&#8221;middle&#8221; css=&#8221;.vc_custom_1617202988319{margin-top: 70px !important;}&#8221;][vc_column width=&#8221;5\/6&#8243; el_class=&#8221;inner-about-block blendin-shadow&#8221; offset=&#8221;vc_col-sm-offset-1&#8243;][vc_row_inner equal_height=&#8221;yes&#8221; content_placement=&#8221;middle&#8221;][vc_column_inner width=&#8221;1\/3&#8243;][vc_single_image image=&#8221;112&#8243; img_size=&#8221;full&#8221; alignment=&#8221;center&#8221;][\/vc_column_inner][vc_column_inner width=&#8221;2\/3&#8243;][vc_column_text]Iubim ochelarii \u0219i suntem \u00een pas cu moda. Particip\u0103m chiar \u0219i la expozi\u021bii de specialitate din str\u0103in\u0103tate pentru a putea aduce cele mai noi modele \u00een magazinul nostru. Dar, desigur, \u0219i cei care prefer\u0103 stilul clasic, obi\u0219nuit \u00ee\u0219i vor g\u0103si rama perfect\u0103 la noi.[\/vc_column_text][\/vc_column_inner][\/vc_row_inner][\/vc_column][\/vc_row][vc_row css=&#8221;.vc_custom_1620220122069{margin-top: 70px !important;}&#8221;][vc_column][vc_column_text]<\/p>\n<p style=\"text-align: center;\"><strong>Kov\u00e1szna megy\u00e9ben kiz\u00e1r\u00f3lagos ter\u00fcleti forgalmaz\u00f3i vagyunk a Polaroid m\u00e1rk\u00e1nak.<\/strong><\/p>\n<p>[\/vc_column_text][\/vc_column][\/vc_row][vc_row el_class=&#8221;polaroid-img-row&#8221;][vc_column][vc_single_image image=&#8221;221&#8243; img_size=&#8221;full&#8221;][vc_single_image image=&#8221;223&#8243; img_size=&#8221;full&#8221; alignment=&#8221;right&#8221;][\/vc_column][\/vc_row][vc_row css=&#8221;.vc_custom_1620220122069{margin-top: 70px !important;}&#8221;][vc_column][vc_custom_heading text=&#8221;Descoper\u0103 gama noastr\u0103 de produse!&#8221; font_container=&#8221;tag:h3|text_align:center&#8221; use_theme_fonts=&#8221;yes&#8221; el_class=&#8221;title-subline&#8221;][vc_column_text]<\/p>\n<p style=\"text-align: center;\">Cele mai populare produse de la Optica L\u00e9n\u00e1rt nu doar \u00ee\u021bi lumineaz\u0103 ziua, ci \u00ee\u021bi fac \u0219i zilele de prim\u0103var\u0103 mai frumoase. Viziteaz\u0103-ne magazinele \u0219i descoper\u0103 \u00eentreaga gam\u0103 de produse Polaroid!<\/p>\n<p>[\/vc_column_text][\/vc_column][\/vc_row][vc_row equal_height=&#8221;yes&#8221; el_class=&#8221;polaroid-products-row&#8221;][vc_column width=&#8221;1\/4&#8243;][vc_single_image image=&#8221;234&#8243; img_size=&#8221;full&#8221; alignment=&#8221;center&#8221;][\/vc_column][vc_column width=&#8221;1\/4&#8243;][vc_single_image image=&#8221;232&#8243; img_size=&#8221;full&#8221; alignment=&#8221;center&#8221;][\/vc_column][vc_column width=&#8221;1\/4&#8243;][vc_single_image image=&#8221;230&#8243; img_size=&#8221;full&#8221; alignment=&#8221;center&#8221;][\/vc_column][vc_column width=&#8221;1\/4&#8243;][vc_single_image image=&#8221;228&#8243; img_size=&#8221;full&#8221; alignment=&#8221;center&#8221;][\/vc_column][\/vc_row]<\/p>\n","protected":false},"excerpt":{"rendered":"<p>[vc_row full_width=&#8221;stretch_row&#8221; el_class=&#8221;inner-toprow&#8221;][vc_column width=&#8221;1\/2&#8243;][vc_custom_heading text=&#8221;Ochelari POLAROID&#8221; font_container=&#8221;tag:h1|text_align:center&#8221; use_theme_fonts=&#8221;yes&#8221;][\/vc_column][vc_column width=&#8221;1\/2&#8243;][vc_column_text]Marca Polaroid are o istorie lung\u0103, de c\u00e2nd era cunoscut\u0103 doar din elementele de fotografie. Ast\u0103zi, o putem descoperi \u00een multe domenii, inclusiv pe pia\u021ba opticii, unde se remarc\u0103 \u0219i \u00een fabricarea de ochelari \u0219i ochelari de soare.[\/vc_column_text][\/vc_column][\/vc_row][vc_row equal_height=&#8221;yes&#8221; content_placement=&#8221;middle&#8221; css=&#8221;.vc_custom_1617202988319{margin-top: 70px !important;}&#8221;][vc_column width=&#8221;5\/6&#8243; el_class=&#8221;inner-about-block blendin-shadow&#8221; offset=&#8221;vc_col-sm-offset-1&#8243;][vc_row_inner&hellip;<\/p>\n","protected":false},"author":1,"featured_media":0,"parent":0,"menu_order":0,"comment_status":"closed","ping_status":"closed","template":"","meta":[],"yoast_head":"<!-- This site is optimized with the Yoast SEO plugin v18.9 - https:\/\/yoast.com\/wordpress\/plugins\/seo\/ -->\n<title>Polaroid - L\u00e9n\u00e1rt Optika<\/title>\n<meta name=\"robots\" content=\"index, follow, max-snippet:-1, max-image-preview:large, max-video-preview:-1\" \/>\n<link rel=\"canonical\" href=\"https:\/\/lenartoptika.ro\/ro\/polaroid\/\" \/>\n<meta property=\"og:locale\" content=\"ro_RO\" \/>\n<meta property=\"og:type\" content=\"article\" \/>\n<meta property=\"og:title\" content=\"Polaroid - L\u00e9n\u00e1rt Optika\" \/>\n<meta property=\"og:description\" content=\"[vc_row full_width=&#8221;stretch_row&#8221; el_class=&#8221;inner-toprow&#8221;][vc_column width=&#8221;1\/2&#8243;][vc_custom_heading text=&#8221;Ochelari POLAROID&#8221; font_container=&#8221;tag:h1|text_align:center&#8221; use_theme_fonts=&#8221;yes&#8221;][\/vc_column][vc_column width=&#8221;1\/2&#8243;][vc_column_text]Marca Polaroid are o istorie lung\u0103, de c\u00e2nd era cunoscut\u0103 doar din elementele de fotografie. Ast\u0103zi, o putem descoperi \u00een multe domenii, inclusiv pe pia\u021ba opticii, unde se remarc\u0103 \u0219i \u00een fabricarea de ochelari \u0219i ochelari de soare.[\/vc_column_text][\/vc_column][\/vc_row][vc_row equal_height=&#8221;yes&#8221; content_placement=&#8221;middle&#8221; css=&#8221;.vc_custom_1617202988319{margin-top: 70px !important;}&#8221;][vc_column width=&#8221;5\/6&#8243; el_class=&#8221;inner-about-block blendin-shadow&#8221; offset=&#8221;vc_col-sm-offset-1&#8243;][vc_row_inner&hellip;\" \/>\n<meta property=\"og:url\" content=\"https:\/\/lenartoptika.ro\/ro\/polaroid\/\" \/>\n<meta property=\"og:site_name\" content=\"L\u00e9n\u00e1rt Optika\" \/>\n<meta property=\"article:modified_time\" content=\"2021-05-06T09:00:06+00:00\" \/>\n<meta name=\"twitter:card\" content=\"summary_large_image\" \/>\n<meta name=\"twitter:label1\" content=\"Est. reading time\" \/>\n\t<meta name=\"twitter:data1\" content=\"2 minute\" \/>\n<script type=\"application\/ld+json\" class=\"yoast-schema-graph\">{\"@context\":\"https:\/\/schema.org\",\"@graph\":[{\"@type\":\"Organization\",\"@id\":\"https:\/\/lenartoptika.ro\/ro\/#organization\",\"name\":\"L\u00e9n\u00e1rt Optika\",\"url\":\"https:\/\/lenartoptika.ro\/ro\/\",\"sameAs\":[],\"logo\":{\"@type\":\"ImageObject\",\"inLanguage\":\"ro-RO\",\"@id\":\"https:\/\/lenartoptika.ro\/ro\/#\/schema\/logo\/image\/\",\"url\":\"https:\/\/lenartoptika.ro\/wp-content\/uploads\/2023\/01\/logo-hor-250.png\",\"contentUrl\":\"https:\/\/lenartoptika.ro\/wp-content\/uploads\/2023\/01\/logo-hor-250.png\",\"width\":250,\"height\":96,\"caption\":\"L\u00e9n\u00e1rt Optika\"},\"image\":{\"@id\":\"https:\/\/lenartoptika.ro\/ro\/#\/schema\/logo\/image\/\"}},{\"@type\":\"WebSite\",\"@id\":\"https:\/\/lenartoptika.ro\/ro\/#website\",\"url\":\"https:\/\/lenartoptika.ro\/ro\/\",\"name\":\"L\u00e9n\u00e1rt Optika\",\"description\":\"O vedere clar\u0103 \u0219i imaculat\u0103!\",\"publisher\":{\"@id\":\"https:\/\/lenartoptika.ro\/ro\/#organization\"},\"potentialAction\":[{\"@type\":\"SearchAction\",\"target\":{\"@type\":\"EntryPoint\",\"urlTemplate\":\"https:\/\/lenartoptika.ro\/ro\/?s={search_term_string}\"},\"query-input\":\"required name=search_term_string\"}],\"inLanguage\":\"ro-RO\"},{\"@type\":\"WebPage\",\"@id\":\"https:\/\/lenartoptika.ro\/ro\/polaroid\/#webpage\",\"url\":\"https:\/\/lenartoptika.ro\/ro\/polaroid\/\",\"name\":\"Polaroid - L\u00e9n\u00e1rt Optika\",\"isPartOf\":{\"@id\":\"https:\/\/lenartoptika.ro\/ro\/#website\"},\"datePublished\":\"2021-05-06T08:55:37+00:00\",\"dateModified\":\"2021-05-06T09:00:06+00:00\",\"breadcrumb\":{\"@id\":\"https:\/\/lenartoptika.ro\/ro\/polaroid\/#breadcrumb\"},\"inLanguage\":\"ro-RO\",\"potentialAction\":[{\"@type\":\"ReadAction\",\"target\":[\"https:\/\/lenartoptika.ro\/ro\/polaroid\/\"]}]},{\"@type\":\"BreadcrumbList\",\"@id\":\"https:\/\/lenartoptika.ro\/ro\/polaroid\/#breadcrumb\",\"itemListElement\":[{\"@type\":\"ListItem\",\"position\":1,\"name\":\"Home\",\"item\":\"https:\/\/lenartoptika.ro\/ro\/\"},{\"@type\":\"ListItem\",\"position\":2,\"name\":\"Polaroid\"}]}]}<\/script>\n<!-- \/ Yoast SEO plugin. -->","yoast_head_json":{"title":"Polaroid - L\u00e9n\u00e1rt Optika","robots":{"index":"index","follow":"follow","max-snippet":"max-snippet:-1","max-image-preview":"max-image-preview:large","max-video-preview":"max-video-preview:-1"},"canonical":"https:\/\/lenartoptika.ro\/ro\/polaroid\/","og_locale":"ro_RO","og_type":"article","og_title":"Polaroid - L\u00e9n\u00e1rt Optika","og_description":"[vc_row full_width=&#8221;stretch_row&#8221; el_class=&#8221;inner-toprow&#8221;][vc_column width=&#8221;1\/2&#8243;][vc_custom_heading text=&#8221;Ochelari POLAROID&#8221; font_container=&#8221;tag:h1|text_align:center&#8221; use_theme_fonts=&#8221;yes&#8221;][\/vc_column][vc_column width=&#8221;1\/2&#8243;][vc_column_text]Marca Polaroid are o istorie lung\u0103, de c\u00e2nd era cunoscut\u0103 doar din elementele de fotografie. Ast\u0103zi, o putem descoperi \u00een multe domenii, inclusiv pe pia\u021ba opticii, unde se remarc\u0103 \u0219i \u00een fabricarea de ochelari \u0219i ochelari de soare.[\/vc_column_text][\/vc_column][\/vc_row][vc_row equal_height=&#8221;yes&#8221; content_placement=&#8221;middle&#8221; css=&#8221;.vc_custom_1617202988319{margin-top: 70px !important;}&#8221;][vc_column width=&#8221;5\/6&#8243; el_class=&#8221;inner-about-block blendin-shadow&#8221; offset=&#8221;vc_col-sm-offset-1&#8243;][vc_row_inner&hellip;","og_url":"https:\/\/lenartoptika.ro\/ro\/polaroid\/","og_site_name":"L\u00e9n\u00e1rt Optika","article_modified_time":"2021-05-06T09:00:06+00:00","twitter_card":"summary_large_image","twitter_misc":{"Est. reading time":"2 minute"},"schema":{"@context":"https:\/\/schema.org","@graph":[{"@type":"Organization","@id":"https:\/\/lenartoptika.ro\/ro\/#organization","name":"L\u00e9n\u00e1rt Optika","url":"https:\/\/lenartoptika.ro\/ro\/","sameAs":[],"logo":{"@type":"ImageObject","inLanguage":"ro-RO","@id":"https:\/\/lenartoptika.ro\/ro\/#\/schema\/logo\/image\/","url":"https:\/\/lenartoptika.ro\/wp-content\/uploads\/2023\/01\/logo-hor-250.png","contentUrl":"https:\/\/lenartoptika.ro\/wp-content\/uploads\/2023\/01\/logo-hor-250.png","width":250,"height":96,"caption":"L\u00e9n\u00e1rt Optika"},"image":{"@id":"https:\/\/lenartoptika.ro\/ro\/#\/schema\/logo\/image\/"}},{"@type":"WebSite","@id":"https:\/\/lenartoptika.ro\/ro\/#website","url":"https:\/\/lenartoptika.ro\/ro\/","name":"L\u00e9n\u00e1rt Optika","description":"O vedere clar\u0103 \u0219i imaculat\u0103!","publisher":{"@id":"https:\/\/lenartoptika.ro\/ro\/#organization"},"potentialAction":[{"@type":"SearchAction","target":{"@type":"EntryPoint","urlTemplate":"https:\/\/lenartoptika.ro\/ro\/?s={search_term_string}"},"query-input":"required name=search_term_string"}],"inLanguage":"ro-RO"},{"@type":"WebPage","@id":"https:\/\/lenartoptika.ro\/ro\/polaroid\/#webpage","url":"https:\/\/lenartoptika.ro\/ro\/polaroid\/","name":"Polaroid - L\u00e9n\u00e1rt Optika","isPartOf":{"@id":"https:\/\/lenartoptika.ro\/ro\/#website"},"datePublished":"2021-05-06T08:55:37+00:00","dateModified":"2021-05-06T09:00:06+00:00","breadcrumb":{"@id":"https:\/\/lenartoptika.ro\/ro\/polaroid\/#breadcrumb"},"inLanguage":"ro-RO","potentialAction":[{"@type":"ReadAction","target":["https:\/\/lenartoptika.ro\/ro\/polaroid\/"]}]},{"@type":"BreadcrumbList","@id":"https:\/\/lenartoptika.ro\/ro\/polaroid\/#breadcrumb","itemListElement":[{"@type":"ListItem","position":1,"name":"Home","item":"https:\/\/lenartoptika.ro\/ro\/"},{"@type":"ListItem","position":2,"name":"Polaroid"}]}]}},"_links":{"self":[{"href":"https:\/\/lenartoptika.ro\/ro\/wp-json\/wp\/v2\/pages\/298"}],"collection":[{"href":"https:\/\/lenartoptika.ro\/ro\/wp-json\/wp\/v2\/pages"}],"about":[{"href":"https:\/\/lenartoptika.ro\/ro\/wp-json\/wp\/v2\/types\/page"}],"author":[{"embeddable":true,"href":"https:\/\/lenartoptika.ro\/ro\/wp-json\/wp\/v2\/users\/1"}],"replies":[{"embeddable":true,"href":"https:\/\/lenartoptika.ro\/ro\/wp-json\/wp\/v2\/comments?post=298"}],"version-history":[{"count":3,"href":"https:\/\/lenartoptika.ro\/ro\/wp-json\/wp\/v2\/pages\/298\/revisions"}],"predecessor-version":[{"id":301,"href":"https:\/\/lenartoptika.ro\/ro\/wp-json\/wp\/v2\/pages\/298\/revisions\/301"}],"wp:attachment":[{"href":"https:\/\/lenartoptika.ro\/ro\/wp-json\/wp\/v2\/media?parent=298"}],"curies":[{"name":"wp","href":"https:\/\/api.w.org\/{rel}","templated":true}]}}