{"id":252,"date":"2021-05-05T14:00:10","date_gmt":"2021-05-05T14:00:10","guid":{"rendered":"https:\/\/lenartoptika.ro\/?page_id=252"},"modified":"2025-09-18T17:54:04","modified_gmt":"2025-09-18T17:54:04","slug":"contact","status":"publish","type":"page","link":"https:\/\/lenartoptika.ro\/ro\/contact\/","title":{"rendered":"Contact"},"content":{"rendered":"<p>[vc_row full_width=&#8221;stretch_row&#8221; el_class=&#8221;inner-toprow&#8221;][vc_column][vc_custom_heading text=&#8221;Contact&#8221; font_container=&#8221;tag:h1|text_align:center&#8221; use_theme_fonts=&#8221;yes&#8221;][\/vc_column][\/vc_row][vc_row css=&#8221;.vc_custom_1620016211719{margin-top: 35px !important;}&#8221;][vc_column][vc_column_text]<\/p>\n<p style=\"text-align: center;\"><strong>Pute\u021bi g\u0103si magazinele noastre \u00een urm\u0103toarele localit\u0103\u021bi<\/strong><\/p>\n<p>[\/vc_column_text][\/vc_column][\/vc_row][vc_row el_class=&#8221;contact-locations-row&#8221;][vc_column width=&#8221;1\/3&#8243;][vc_single_image image=&#8221;192&#8243; img_size=&#8221;full&#8221; alignment=&#8221;center&#8221;][vc_custom_heading text=&#8221;Covasna&#8221; font_container=&#8221;tag:h3|text_align:center&#8221; use_theme_fonts=&#8221;yes&#8221;]<div class=\"uavc-list-icon uavc-list-icon-wrapper ult-adjust-bottom-margin   \"><ul class=\"uavc-list\"><li><div class=\"uavc-list-content\" id=\"list-icon-wrap-8596\">\n<div class=\"uavc-list-icon  \" data-animation=\"\" data-animation-delay=\"03\" style=\"margin-right:5px;\"><div class=\"ult-just-icon-wrapper  \"><div class=\"align-icon\" style=\"text-align:center;\">\n<div class=\"aio-icon none \"  style=\"color:#333333;font-size:32px;display:inline-block;\">\n\t<i class=\"icomoon-the7-font-the7-map-02\"><\/i>\n<\/div><\/div><\/div>\n<\/div><span  data-ultimate-target='#list-icon-wrap-8596 .uavc-list-desc'  data-responsive-json-new='{\"font-size\":\"\",\"line-height\":\"\"}'  class=\"uavc-list-desc ult-responsive\" style=\"\">Strada Unirii nr. 2<\/p>\n<p><\/span><\/div><\/li><li><div class=\"uavc-list-content\" id=\"list-icon-wrap-4718\">\n<div class=\"uavc-list-icon  \" data-animation=\"\" data-animation-delay=\"03\" style=\"margin-right:5px;\"><div class=\"ult-just-icon-wrapper  \"><div class=\"align-icon\" style=\"text-align:center;\">\n<div class=\"aio-icon none \"  style=\"color:#333333;font-size:32px;display:inline-block;\">\n\t<i class=\"icomoon-the7-font-the7-phone-05\"><\/i>\n<\/div><\/div><\/div>\n<\/div><span  data-ultimate-target='#list-icon-wrap-4718 .uavc-list-desc'  data-responsive-json-new='{\"font-size\":\"\",\"line-height\":\"\"}'  class=\"uavc-list-desc ult-responsive\" style=\"\">0267 342 073<\/p>\n<p><\/span><\/div><\/li><\/ul><\/div>[\/vc_column][vc_column width=&#8221;1\/3&#8243;][vc_single_image image=&#8221;192&#8243; img_size=&#8221;full&#8221; alignment=&#8221;center&#8221;][vc_custom_heading text=&#8221;T\u00e2rgu Secuiesc&#8221; font_container=&#8221;tag:h3|text_align:center&#8221; use_theme_fonts=&#8221;yes&#8221;]<div class=\"uavc-list-icon uavc-list-icon-wrapper ult-adjust-bottom-margin   \"><ul class=\"uavc-list\"><li><div class=\"uavc-list-content\" id=\"list-icon-wrap-2070\">\n<div class=\"uavc-list-icon  \" data-animation=\"\" data-animation-delay=\"03\" style=\"margin-right:5px;\"><div class=\"ult-just-icon-wrapper  \"><div class=\"align-icon\" style=\"text-align:center;\">\n<div class=\"aio-icon none \"  style=\"color:#333333;font-size:32px;display:inline-block;\">\n\t<i class=\"icomoon-the7-font-the7-map-02\"><\/i>\n<\/div><\/div><\/div>\n<\/div><span  data-ultimate-target='#list-icon-wrap-2070 .uavc-list-desc'  data-responsive-json-new='{\"font-size\":\"\",\"line-height\":\"\"}'  class=\"uavc-list-desc ult-responsive\" style=\"\">Strada Pet\u0151fi S\u00e1ndor nr. 16<\/p>\n<p><\/span><\/div><\/li><li><div class=\"uavc-list-content\" id=\"list-icon-wrap-5814\">\n<div class=\"uavc-list-icon  \" data-animation=\"\" data-animation-delay=\"03\" style=\"margin-right:5px;\"><div class=\"ult-just-icon-wrapper  \"><div class=\"align-icon\" style=\"text-align:center;\">\n<div class=\"aio-icon none \"  style=\"color:#333333;font-size:32px;display:inline-block;\">\n\t<i class=\"icomoon-the7-font-the7-phone-05\"><\/i>\n<\/div><\/div><\/div>\n<\/div><span  data-ultimate-target='#list-icon-wrap-5814 .uavc-list-desc'  data-responsive-json-new='{\"font-size\":\"\",\"line-height\":\"\"}'  class=\"uavc-list-desc ult-responsive\" style=\"\">0367 800 428<\/p>\n<p><\/span><\/div><\/li><\/ul><\/div>[\/vc_column][vc_column width=&#8221;1\/3&#8243;][vc_single_image image=&#8221;192&#8243; img_size=&#8221;full&#8221; alignment=&#8221;center&#8221;][vc_custom_heading text=&#8221;Sf\u00e2ntu Gheorghe&#8221; font_container=&#8221;tag:h3|text_align:center&#8221; use_theme_fonts=&#8221;yes&#8221;]<div class=\"uavc-list-icon uavc-list-icon-wrapper ult-adjust-bottom-margin   \"><ul class=\"uavc-list\"><li><div class=\"uavc-list-content\" id=\"list-icon-wrap-7063\">\n<div class=\"uavc-list-icon  \" data-animation=\"\" data-animation-delay=\"03\" style=\"margin-right:5px;\"><div class=\"ult-just-icon-wrapper  \"><div class=\"align-icon\" style=\"text-align:center;\">\n<div class=\"aio-icon none \"  style=\"color:#333333;font-size:32px;display:inline-block;\">\n\t<i class=\"icomoon-the7-font-the7-map-02\"><\/i>\n<\/div><\/div><\/div>\n<\/div><span  data-ultimate-target='#list-icon-wrap-7063 .uavc-list-desc'  data-responsive-json-new='{\"font-size\":\"\",\"line-height\":\"\"}'  class=\"uavc-list-desc ult-responsive\" style=\"\">B-dul General Grigore B\u0103lan nr. 30<\/p>\n<p><\/span><\/div><\/li><li><div class=\"uavc-list-content\" id=\"list-icon-wrap-3430\">\n<div class=\"uavc-list-icon  \" data-animation=\"\" data-animation-delay=\"03\" style=\"margin-right:5px;\"><div class=\"ult-just-icon-wrapper  \"><div class=\"align-icon\" style=\"text-align:center;\">\n<div class=\"aio-icon none \"  style=\"color:#333333;font-size:32px;display:inline-block;\">\n\t<i class=\"icomoon-the7-font-the7-phone-05\"><\/i>\n<\/div><\/div><\/div>\n<\/div><span  data-ultimate-target='#list-icon-wrap-3430 .uavc-list-desc'  data-responsive-json-new='{\"font-size\":\"\",\"line-height\":\"\"}'  class=\"uavc-list-desc ult-responsive\" style=\"\">0267 322 323<\/p>\n<p><\/span><\/div><\/li><\/ul><\/div>[\/vc_column][\/vc_row][vc_row css=&#8221;.vc_custom_1620019040856{margin-top: 35px !important;}&#8221;][vc_column width=&#8221;1\/2&#8243; offset=&#8221;vc_col-sm-offset-3&#8243;][vc_custom_heading text=&#8221;Trimite-ne un mesaj&#8221; font_container=&#8221;tag:h2|text_align:center&#8221; use_theme_fonts=&#8221;yes&#8221; el_class=&#8221;title-subline&#8221;]<div role=\"form\" class=\"wpcf7\" id=\"wpcf7-f257-o1\" lang=\"hu-HU\" dir=\"ltr\">\n<div class=\"screen-reader-response\"><p role=\"status\" aria-live=\"polite\" aria-atomic=\"true\"><\/p> <ul><\/ul><\/div>\n<form action=\"\/ro\/wp-json\/wp\/v2\/pages\/252#wpcf7-f257-o1\" method=\"post\" class=\"wpcf7-form init\" novalidate=\"novalidate\" data-status=\"init\">\n<div style=\"display: none;\">\n<input type=\"hidden\" name=\"_wpcf7\" value=\"257\" \/>\n<input type=\"hidden\" name=\"_wpcf7_version\" value=\"5.4\" \/>\n<input type=\"hidden\" name=\"_wpcf7_locale\" value=\"hu_HU\" \/>\n<input type=\"hidden\" name=\"_wpcf7_unit_tag\" value=\"wpcf7-f257-o1\" \/>\n<input type=\"hidden\" name=\"_wpcf7_container_post\" value=\"0\" \/>\n<input type=\"hidden\" name=\"_wpcf7_posted_data_hash\" value=\"\" \/>\n<\/div>\n<p><span class=\"wpcf7-form-control-wrap your-name\"><input type=\"text\" name=\"your-name\" value=\"\" size=\"40\" class=\"wpcf7-form-control wpcf7-text wpcf7-validates-as-required blendin-shadow\" aria-required=\"true\" aria-invalid=\"false\" placeholder=\"Nume\" \/><\/span><\/p>\n<p><span class=\"wpcf7-form-control-wrap your-email\"><input type=\"email\" name=\"your-email\" value=\"\" size=\"40\" class=\"wpcf7-form-control wpcf7-text wpcf7-email wpcf7-validates-as-required wpcf7-validates-as-email blendin-shadow\" aria-required=\"true\" aria-invalid=\"false\" placeholder=\"Adresa email\" \/><\/span><\/p>\n<p><span class=\"wpcf7-form-control-wrap your-phone\"><input type=\"text\" name=\"your-phone\" value=\"\" size=\"40\" class=\"wpcf7-form-control wpcf7-text wpcf7-validates-as-required blendin-shadow\" aria-required=\"true\" aria-invalid=\"false\" placeholder=\"Telefon\" \/><\/span><\/p>\n<p><span class=\"wpcf7-form-control-wrap your-subject\"><input type=\"text\" name=\"your-subject\" value=\"\" size=\"40\" class=\"wpcf7-form-control wpcf7-text wpcf7-validates-as-required blendin-shadow\" aria-required=\"true\" aria-invalid=\"false\" placeholder=\"Serviciu\" \/><\/span><\/p>\n<p><span class=\"wpcf7-form-control-wrap your-message\"><textarea name=\"your-message\" cols=\"40\" rows=\"10\" class=\"wpcf7-form-control wpcf7-textarea wpcf7-validates-as-required blendin-shadow\" aria-required=\"true\" aria-invalid=\"false\" placeholder=\"Mesaj\"><\/textarea><\/span><\/p>\n<p><span class=\"wpcf7-form-control-wrap acceptance-533\"><span class=\"wpcf7-form-control wpcf7-acceptance\"><span class=\"wpcf7-list-item\"><label><input type=\"checkbox\" name=\"acceptance-533\" value=\"1\" aria-invalid=\"false\" \/><span class=\"wpcf7-list-item-label\">Prin utilizarea acestui formular sunte\u021bi de acord cu stocarea \u0219i manipularea datelor dvs. pe acest site web \u00een vederea primirii unui r\u0103spuns<\/span><\/label><\/span><\/span><\/span><\/p>\n<p><input type=\"submit\" value=\"Trimite\" class=\"wpcf7-form-control wpcf7-submit\" \/><\/p>\n<div class=\"wpcf7-response-output\" aria-hidden=\"true\"><\/div><\/form><\/div>[\/vc_column][\/vc_row]<\/p>\n","protected":false},"excerpt":{"rendered":"<p>[vc_row full_width=&#8221;stretch_row&#8221; el_class=&#8221;inner-toprow&#8221;][vc_column][vc_custom_heading text=&#8221;Contact&#8221; font_container=&#8221;tag:h1|text_align:center&#8221; use_theme_fonts=&#8221;yes&#8221;][\/vc_column][\/vc_row][vc_row css=&#8221;.vc_custom_1620016211719{margin-top: 35px !important;}&#8221;][vc_column][vc_column_text] Pute\u021bi g\u0103si magazinele noastre \u00een urm\u0103toarele localit\u0103\u021bi [\/vc_column_text][\/vc_column][\/vc_row][vc_row el_class=&#8221;contact-locations-row&#8221;][vc_column width=&#8221;1\/3&#8243;][vc_single_image image=&#8221;192&#8243; img_size=&#8221;full&#8221; alignment=&#8221;center&#8221;][vc_custom_heading text=&#8221;Covasna&#8221; font_container=&#8221;tag:h3|text_align:center&#8221; use_theme_fonts=&#8221;yes&#8221;][\/vc_column][vc_column width=&#8221;1\/3&#8243;][vc_single_image image=&#8221;192&#8243; img_size=&#8221;full&#8221; alignment=&#8221;center&#8221;][vc_custom_heading text=&#8221;T\u00e2rgu Secuiesc&#8221; font_container=&#8221;tag:h3|text_align:center&#8221; use_theme_fonts=&#8221;yes&#8221;][\/vc_column][vc_column width=&#8221;1\/3&#8243;][vc_single_image image=&#8221;192&#8243; img_size=&#8221;full&#8221; alignment=&#8221;center&#8221;][vc_custom_heading text=&#8221;Sf\u00e2ntu Gheorghe&#8221; font_container=&#8221;tag:h3|text_align:center&#8221; use_theme_fonts=&#8221;yes&#8221;][\/vc_column][\/vc_row][vc_row css=&#8221;.vc_custom_1620019040856{margin-top: 35px !important;}&#8221;][vc_column width=&#8221;1\/2&#8243; offset=&#8221;vc_col-sm-offset-3&#8243;][vc_custom_heading text=&#8221;Trimite-ne un mesaj&#8221; font_container=&#8221;tag:h2|text_align:center&#8221; use_theme_fonts=&#8221;yes&#8221; el_class=&#8221;title-subline&#8221;][\/vc_column][\/vc_row]<\/p>\n","protected":false},"author":1,"featured_media":0,"parent":0,"menu_order":0,"comment_status":"closed","ping_status":"closed","template":"","meta":[],"yoast_head":"<!-- This site is optimized with the Yoast SEO plugin v18.9 - https:\/\/yoast.com\/wordpress\/plugins\/seo\/ -->\n<title>Contact - L\u00e9n\u00e1rt Optika<\/title>\n<meta name=\"robots\" content=\"index, follow, max-snippet:-1, max-image-preview:large, max-video-preview:-1\" \/>\n<link rel=\"canonical\" href=\"https:\/\/lenartoptika.ro\/ro\/contact\/\" \/>\n<meta property=\"og:locale\" content=\"ro_RO\" \/>\n<meta property=\"og:type\" content=\"article\" \/>\n<meta property=\"og:title\" content=\"Contact - L\u00e9n\u00e1rt Optika\" \/>\n<meta property=\"og:description\" content=\"[vc_row full_width=&#8221;stretch_row&#8221; el_class=&#8221;inner-toprow&#8221;][vc_column][vc_custom_heading text=&#8221;Contact&#8221; font_container=&#8221;tag:h1|text_align:center&#8221; use_theme_fonts=&#8221;yes&#8221;][\/vc_column][\/vc_row][vc_row css=&#8221;.vc_custom_1620016211719{margin-top: 35px !important;}&#8221;][vc_column][vc_column_text] Pute\u021bi g\u0103si magazinele noastre \u00een urm\u0103toarele localit\u0103\u021bi [\/vc_column_text][\/vc_column][\/vc_row][vc_row el_class=&#8221;contact-locations-row&#8221;][vc_column width=&#8221;1\/3&#8243;][vc_single_image image=&#8221;192&#8243; img_size=&#8221;full&#8221; alignment=&#8221;center&#8221;][vc_custom_heading text=&#8221;Covasna&#8221; font_container=&#8221;tag:h3|text_align:center&#8221; use_theme_fonts=&#8221;yes&#8221;][\/vc_column][vc_column width=&#8221;1\/3&#8243;][vc_single_image image=&#8221;192&#8243; img_size=&#8221;full&#8221; alignment=&#8221;center&#8221;][vc_custom_heading text=&#8221;T\u00e2rgu Secuiesc&#8221; font_container=&#8221;tag:h3|text_align:center&#8221; use_theme_fonts=&#8221;yes&#8221;][\/vc_column][vc_column width=&#8221;1\/3&#8243;][vc_single_image image=&#8221;192&#8243; img_size=&#8221;full&#8221; alignment=&#8221;center&#8221;][vc_custom_heading text=&#8221;Sf\u00e2ntu Gheorghe&#8221; font_container=&#8221;tag:h3|text_align:center&#8221; use_theme_fonts=&#8221;yes&#8221;][\/vc_column][\/vc_row][vc_row css=&#8221;.vc_custom_1620019040856{margin-top: 35px !important;}&#8221;][vc_column width=&#8221;1\/2&#8243; offset=&#8221;vc_col-sm-offset-3&#8243;][vc_custom_heading text=&#8221;Trimite-ne un mesaj&#8221; font_container=&#8221;tag:h2|text_align:center&#8221; use_theme_fonts=&#8221;yes&#8221; el_class=&#8221;title-subline&#8221;][\/vc_column][\/vc_row]\" \/>\n<meta property=\"og:url\" content=\"https:\/\/lenartoptika.ro\/ro\/contact\/\" \/>\n<meta property=\"og:site_name\" content=\"L\u00e9n\u00e1rt Optika\" \/>\n<meta property=\"article:modified_time\" content=\"2025-09-18T17:54:04+00:00\" \/>\n<meta name=\"twitter:card\" content=\"summary_large_image\" \/>\n<meta name=\"twitter:label1\" content=\"Est. reading time\" \/>\n\t<meta name=\"twitter:data1\" content=\"2 minute\" \/>\n<script type=\"application\/ld+json\" class=\"yoast-schema-graph\">{\"@context\":\"https:\/\/schema.org\",\"@graph\":[{\"@type\":\"Organization\",\"@id\":\"https:\/\/lenartoptika.ro\/ro\/#organization\",\"name\":\"L\u00e9n\u00e1rt Optika\",\"url\":\"https:\/\/lenartoptika.ro\/ro\/\",\"sameAs\":[],\"logo\":{\"@type\":\"ImageObject\",\"inLanguage\":\"ro-RO\",\"@id\":\"https:\/\/lenartoptika.ro\/ro\/#\/schema\/logo\/image\/\",\"url\":\"https:\/\/lenartoptika.ro\/wp-content\/uploads\/2023\/01\/logo-hor-250.png\",\"contentUrl\":\"https:\/\/lenartoptika.ro\/wp-content\/uploads\/2023\/01\/logo-hor-250.png\",\"width\":250,\"height\":96,\"caption\":\"L\u00e9n\u00e1rt Optika\"},\"image\":{\"@id\":\"https:\/\/lenartoptika.ro\/ro\/#\/schema\/logo\/image\/\"}},{\"@type\":\"WebSite\",\"@id\":\"https:\/\/lenartoptika.ro\/ro\/#website\",\"url\":\"https:\/\/lenartoptika.ro\/ro\/\",\"name\":\"L\u00e9n\u00e1rt Optika\",\"description\":\"O vedere clar\u0103 \u0219i imaculat\u0103!\",\"publisher\":{\"@id\":\"https:\/\/lenartoptika.ro\/ro\/#organization\"},\"potentialAction\":[{\"@type\":\"SearchAction\",\"target\":{\"@type\":\"EntryPoint\",\"urlTemplate\":\"https:\/\/lenartoptika.ro\/ro\/?s={search_term_string}\"},\"query-input\":\"required name=search_term_string\"}],\"inLanguage\":\"ro-RO\"},{\"@type\":\"WebPage\",\"@id\":\"https:\/\/lenartoptika.ro\/ro\/contact\/#webpage\",\"url\":\"https:\/\/lenartoptika.ro\/ro\/contact\/\",\"name\":\"Contact - L\u00e9n\u00e1rt Optika\",\"isPartOf\":{\"@id\":\"https:\/\/lenartoptika.ro\/ro\/#website\"},\"datePublished\":\"2021-05-05T14:00:10+00:00\",\"dateModified\":\"2025-09-18T17:54:04+00:00\",\"breadcrumb\":{\"@id\":\"https:\/\/lenartoptika.ro\/ro\/contact\/#breadcrumb\"},\"inLanguage\":\"ro-RO\",\"potentialAction\":[{\"@type\":\"ReadAction\",\"target\":[\"https:\/\/lenartoptika.ro\/ro\/contact\/\"]}]},{\"@type\":\"BreadcrumbList\",\"@id\":\"https:\/\/lenartoptika.ro\/ro\/contact\/#breadcrumb\",\"itemListElement\":[{\"@type\":\"ListItem\",\"position\":1,\"name\":\"Home\",\"item\":\"https:\/\/lenartoptika.ro\/ro\/\"},{\"@type\":\"ListItem\",\"position\":2,\"name\":\"Contact\"}]}]}<\/script>\n<!-- \/ Yoast SEO plugin. -->","yoast_head_json":{"title":"Contact - L\u00e9n\u00e1rt Optika","robots":{"index":"index","follow":"follow","max-snippet":"max-snippet:-1","max-image-preview":"max-image-preview:large","max-video-preview":"max-video-preview:-1"},"canonical":"https:\/\/lenartoptika.ro\/ro\/contact\/","og_locale":"ro_RO","og_type":"article","og_title":"Contact - L\u00e9n\u00e1rt Optika","og_description":"[vc_row full_width=&#8221;stretch_row&#8221; el_class=&#8221;inner-toprow&#8221;][vc_column][vc_custom_heading text=&#8221;Contact&#8221; font_container=&#8221;tag:h1|text_align:center&#8221; use_theme_fonts=&#8221;yes&#8221;][\/vc_column][\/vc_row][vc_row css=&#8221;.vc_custom_1620016211719{margin-top: 35px !important;}&#8221;][vc_column][vc_column_text] Pute\u021bi g\u0103si magazinele noastre \u00een urm\u0103toarele localit\u0103\u021bi [\/vc_column_text][\/vc_column][\/vc_row][vc_row el_class=&#8221;contact-locations-row&#8221;][vc_column width=&#8221;1\/3&#8243;][vc_single_image image=&#8221;192&#8243; img_size=&#8221;full&#8221; alignment=&#8221;center&#8221;][vc_custom_heading text=&#8221;Covasna&#8221; font_container=&#8221;tag:h3|text_align:center&#8221; use_theme_fonts=&#8221;yes&#8221;][\/vc_column][vc_column width=&#8221;1\/3&#8243;][vc_single_image image=&#8221;192&#8243; img_size=&#8221;full&#8221; alignment=&#8221;center&#8221;][vc_custom_heading text=&#8221;T\u00e2rgu Secuiesc&#8221; font_container=&#8221;tag:h3|text_align:center&#8221; use_theme_fonts=&#8221;yes&#8221;][\/vc_column][vc_column width=&#8221;1\/3&#8243;][vc_single_image image=&#8221;192&#8243; img_size=&#8221;full&#8221; alignment=&#8221;center&#8221;][vc_custom_heading text=&#8221;Sf\u00e2ntu Gheorghe&#8221; font_container=&#8221;tag:h3|text_align:center&#8221; use_theme_fonts=&#8221;yes&#8221;][\/vc_column][\/vc_row][vc_row css=&#8221;.vc_custom_1620019040856{margin-top: 35px !important;}&#8221;][vc_column width=&#8221;1\/2&#8243; offset=&#8221;vc_col-sm-offset-3&#8243;][vc_custom_heading text=&#8221;Trimite-ne un mesaj&#8221; font_container=&#8221;tag:h2|text_align:center&#8221; use_theme_fonts=&#8221;yes&#8221; el_class=&#8221;title-subline&#8221;][\/vc_column][\/vc_row]","og_url":"https:\/\/lenartoptika.ro\/ro\/contact\/","og_site_name":"L\u00e9n\u00e1rt Optika","article_modified_time":"2025-09-18T17:54:04+00:00","twitter_card":"summary_large_image","twitter_misc":{"Est. reading time":"2 minute"},"schema":{"@context":"https:\/\/schema.org","@graph":[{"@type":"Organization","@id":"https:\/\/lenartoptika.ro\/ro\/#organization","name":"L\u00e9n\u00e1rt Optika","url":"https:\/\/lenartoptika.ro\/ro\/","sameAs":[],"logo":{"@type":"ImageObject","inLanguage":"ro-RO","@id":"https:\/\/lenartoptika.ro\/ro\/#\/schema\/logo\/image\/","url":"https:\/\/lenartoptika.ro\/wp-content\/uploads\/2023\/01\/logo-hor-250.png","contentUrl":"https:\/\/lenartoptika.ro\/wp-content\/uploads\/2023\/01\/logo-hor-250.png","width":250,"height":96,"caption":"L\u00e9n\u00e1rt Optika"},"image":{"@id":"https:\/\/lenartoptika.ro\/ro\/#\/schema\/logo\/image\/"}},{"@type":"WebSite","@id":"https:\/\/lenartoptika.ro\/ro\/#website","url":"https:\/\/lenartoptika.ro\/ro\/","name":"L\u00e9n\u00e1rt Optika","description":"O vedere clar\u0103 \u0219i imaculat\u0103!","publisher":{"@id":"https:\/\/lenartoptika.ro\/ro\/#organization"},"potentialAction":[{"@type":"SearchAction","target":{"@type":"EntryPoint","urlTemplate":"https:\/\/lenartoptika.ro\/ro\/?s={search_term_string}"},"query-input":"required name=search_term_string"}],"inLanguage":"ro-RO"},{"@type":"WebPage","@id":"https:\/\/lenartoptika.ro\/ro\/contact\/#webpage","url":"https:\/\/lenartoptika.ro\/ro\/contact\/","name":"Contact - L\u00e9n\u00e1rt Optika","isPartOf":{"@id":"https:\/\/lenartoptika.ro\/ro\/#website"},"datePublished":"2021-05-05T14:00:10+00:00","dateModified":"2025-09-18T17:54:04+00:00","breadcrumb":{"@id":"https:\/\/lenartoptika.ro\/ro\/contact\/#breadcrumb"},"inLanguage":"ro-RO","potentialAction":[{"@type":"ReadAction","target":["https:\/\/lenartoptika.ro\/ro\/contact\/"]}]},{"@type":"BreadcrumbList","@id":"https:\/\/lenartoptika.ro\/ro\/contact\/#breadcrumb","itemListElement":[{"@type":"ListItem","position":1,"name":"Home","item":"https:\/\/lenartoptika.ro\/ro\/"},{"@type":"ListItem","position":2,"name":"Contact"}]}]}},"_links":{"self":[{"href":"https:\/\/lenartoptika.ro\/ro\/wp-json\/wp\/v2\/pages\/252"}],"collection":[{"href":"https:\/\/lenartoptika.ro\/ro\/wp-json\/wp\/v2\/pages"}],"about":[{"href":"https:\/\/lenartoptika.ro\/ro\/wp-json\/wp\/v2\/types\/page"}],"author":[{"embeddable":true,"href":"https:\/\/lenartoptika.ro\/ro\/wp-json\/wp\/v2\/users\/1"}],"replies":[{"embeddable":true,"href":"https:\/\/lenartoptika.ro\/ro\/wp-json\/wp\/v2\/comments?post=252"}],"version-history":[{"count":6,"href":"https:\/\/lenartoptika.ro\/ro\/wp-json\/wp\/v2\/pages\/252\/revisions"}],"predecessor-version":[{"id":614,"href":"https:\/\/lenartoptika.ro\/ro\/wp-json\/wp\/v2\/pages\/252\/revisions\/614"}],"wp:attachment":[{"href":"https:\/\/lenartoptika.ro\/ro\/wp-json\/wp\/v2\/media?parent=252"}],"curies":[{"name":"wp","href":"https:\/\/api.w.org\/{rel}","templated":true}]}}