{"id":215,"date":"2021-05-05T03:27:04","date_gmt":"2021-05-05T03:27:04","guid":{"rendered":"https:\/\/lenartoptika.ro\/?page_id=215"},"modified":"2021-05-05T03:32:27","modified_gmt":"2021-05-05T03:32:27","slug":"servicii","status":"publish","type":"page","link":"https:\/\/lenartoptika.ro\/ro\/servicii\/","title":{"rendered":"Servicii"},"content":{"rendered":"<p>[vc_row full_width=&#8221;stretch_row&#8221; el_class=&#8221;inner-toprow&#8221;][vc_column][vc_custom_heading text=&#8221;Serviciile noastre&#8221; font_container=&#8221;tag:h1|text_align:center&#8221; use_theme_fonts=&#8221;yes&#8221;][\/vc_column][\/vc_row][vc_row el_class=&#8221;services-row&#8221;][vc_column width=&#8221;1\/4&#8243;][vc_single_image image=&#8221;129&#8243; img_size=&#8221;full&#8221; alignment=&#8221;center&#8221;][vc_custom_heading text=&#8221;Consult oftalmologic&#8221; font_container=&#8221;tag:h3|text_align:center&#8221; use_theme_fonts=&#8221;yes&#8221;][vc_column_text]<\/p>\n<p style=\"text-align: center;\">Consultul oftalmologic computerizat este utilizat pentru a detecta sau preveni problemele cu vederea. Contacteaz\u0103-ne cu \u00eencredere!<\/p>\n<p>[\/vc_column_text][\/vc_column][vc_column width=&#8221;1\/4&#8243;][vc_single_image image=&#8221;130&#8243; img_size=&#8221;full&#8221; alignment=&#8221;center&#8221;][vc_custom_heading text=&#8221;Fabricare ochelari&#8221; font_container=&#8221;tag:h3|text_align:center&#8221; use_theme_fonts=&#8221;yes&#8221;][vc_column_text]<\/p>\n<p style=\"text-align: center;\">Cu cele mai moderne instrumente, pentru orice categorie de v\u00e2rst\u0103. Vedere mai bun\u0103, aspect mai pl\u0103cut, cu L\u00e9n\u00e1rt Optics.<\/p>\n<p>[\/vc_column_text][\/vc_column][vc_column width=&#8221;1\/4&#8243;][vc_single_image image=&#8221;128&#8243; img_size=&#8221;full&#8221; alignment=&#8221;center&#8221;][vc_custom_heading text=&#8221;Fabricare ochelari 3D&#8221; font_container=&#8221;tag:h3|text_align:center&#8221; use_theme_fonts=&#8221;yes&#8221;][vc_column_text]<\/p>\n<p style=\"text-align: center;\">\u00ce\u021bi cre\u0103m prima pereche perfect personalizat\u0103 de ochelari cu design 3D din lume.<\/p>\n<p>[\/vc_column_text][\/vc_column][vc_column width=&#8221;1\/4&#8243;][vc_single_image image=&#8221;127&#8243; img_size=&#8221;full&#8221; alignment=&#8221;center&#8221;][vc_custom_heading text=&#8221;Repara\u021bii ochelari&#8221; font_container=&#8221;tag:h3|text_align:center&#8221; use_theme_fonts=&#8221;yes&#8221;][vc_column_text]<\/p>\n<p style=\"text-align: center;\">Te-ai a\u0219ezat pe ochelari? Sau \u021bi s-a rupt rama? Colegii no\u0219tri te ajut\u0103 cu orice.<\/p>\n<p>[\/vc_column_text][\/vc_column][\/vc_row][vc_row el_class=&#8221;services-row second&#8221;][vc_column width=&#8221;1\/4&#8243;][vc_single_image image=&#8221;126&#8243; img_size=&#8221;full&#8221; alignment=&#8221;center&#8221;][vc_custom_heading text=&#8221;Distribuitor de lentile de contact \u0219i lichide&#8221; font_container=&#8221;tag:h3|text_align:center&#8221; use_theme_fonts=&#8221;yes&#8221;][vc_column_text]<\/p>\n<p style=\"text-align: center;\">Indiferent de stilul t\u0103u de via\u021b\u0103, te ajut\u0103m s\u0103 g\u0103se\u0219ti lentilele de contact potrivite!<\/p>\n<p>[\/vc_column_text][\/vc_column][vc_column width=&#8221;1\/4&#8243;][vc_single_image image=&#8221;125&#8243; img_size=&#8221;full&#8221; alignment=&#8221;center&#8221;][vc_custom_heading text=&#8221;Ochelari de soare&#8221; font_container=&#8221;tag:h3|text_align:center&#8221; use_theme_fonts=&#8221;yes&#8221;][vc_column_text]<\/p>\n<p style=\"text-align: center;\">Vindem exclusiv ochelari de soare care filtreaz\u0103 cu siguran\u021b\u0103 100% \u0219i pentru care garant\u0103m \u0219i noi.<\/p>\n<p>[\/vc_column_text][\/vc_column][vc_column width=&#8221;1\/4&#8243;][vc_single_image image=&#8221;124&#8243; img_size=&#8221;full&#8221; alignment=&#8221;center&#8221;][vc_custom_heading text=&#8221;Accesorii&#8221; font_container=&#8221;tag:h3|text_align:center&#8221; use_theme_fonts=&#8221;yes&#8221;][vc_column_text]<\/p>\n<p style=\"text-align: center;\">\u00cen magazinele noastre ai \u0219i posibilitatea de a cump\u0103ra accesorii de \u00eenalt\u0103 calitate.<\/p>\n<p>[\/vc_column_text][\/vc_column][\/vc_row]<\/p>\n","protected":false},"excerpt":{"rendered":"<p>[vc_row full_width=&#8221;stretch_row&#8221; el_class=&#8221;inner-toprow&#8221;][vc_column][vc_custom_heading text=&#8221;Serviciile noastre&#8221; font_container=&#8221;tag:h1|text_align:center&#8221; use_theme_fonts=&#8221;yes&#8221;][\/vc_column][\/vc_row][vc_row el_class=&#8221;services-row&#8221;][vc_column width=&#8221;1\/4&#8243;][vc_single_image image=&#8221;129&#8243; img_size=&#8221;full&#8221; alignment=&#8221;center&#8221;][vc_custom_heading text=&#8221;Consult oftalmologic&#8221; font_container=&#8221;tag:h3|text_align:center&#8221; use_theme_fonts=&#8221;yes&#8221;][vc_column_text] Consultul oftalmologic computerizat este utilizat pentru a detecta sau preveni problemele cu vederea. Contacteaz\u0103-ne cu \u00eencredere! [\/vc_column_text][\/vc_column][vc_column width=&#8221;1\/4&#8243;][vc_single_image image=&#8221;130&#8243; img_size=&#8221;full&#8221; alignment=&#8221;center&#8221;][vc_custom_heading text=&#8221;Fabricare ochelari&#8221; font_container=&#8221;tag:h3|text_align:center&#8221; use_theme_fonts=&#8221;yes&#8221;][vc_column_text] Cu cele mai moderne instrumente, pentru orice categorie de v\u00e2rst\u0103. Vedere mai bun\u0103, aspect&hellip;<\/p>\n","protected":false},"author":1,"featured_media":0,"parent":0,"menu_order":0,"comment_status":"closed","ping_status":"closed","template":"","meta":[],"yoast_head":"<!-- This site is optimized with the Yoast SEO plugin v18.9 - https:\/\/yoast.com\/wordpress\/plugins\/seo\/ -->\n<title>Servicii - L\u00e9n\u00e1rt Optika<\/title>\n<meta name=\"robots\" content=\"index, follow, max-snippet:-1, max-image-preview:large, max-video-preview:-1\" \/>\n<link rel=\"canonical\" href=\"https:\/\/lenartoptika.ro\/ro\/servicii\/\" \/>\n<meta property=\"og:locale\" content=\"ro_RO\" \/>\n<meta property=\"og:type\" content=\"article\" \/>\n<meta property=\"og:title\" content=\"Servicii - L\u00e9n\u00e1rt Optika\" \/>\n<meta property=\"og:description\" content=\"[vc_row full_width=&#8221;stretch_row&#8221; el_class=&#8221;inner-toprow&#8221;][vc_column][vc_custom_heading text=&#8221;Serviciile noastre&#8221; font_container=&#8221;tag:h1|text_align:center&#8221; use_theme_fonts=&#8221;yes&#8221;][\/vc_column][\/vc_row][vc_row el_class=&#8221;services-row&#8221;][vc_column width=&#8221;1\/4&#8243;][vc_single_image image=&#8221;129&#8243; img_size=&#8221;full&#8221; alignment=&#8221;center&#8221;][vc_custom_heading text=&#8221;Consult oftalmologic&#8221; font_container=&#8221;tag:h3|text_align:center&#8221; use_theme_fonts=&#8221;yes&#8221;][vc_column_text] Consultul oftalmologic computerizat este utilizat pentru a detecta sau preveni problemele cu vederea. Contacteaz\u0103-ne cu \u00eencredere! [\/vc_column_text][\/vc_column][vc_column width=&#8221;1\/4&#8243;][vc_single_image image=&#8221;130&#8243; img_size=&#8221;full&#8221; alignment=&#8221;center&#8221;][vc_custom_heading text=&#8221;Fabricare ochelari&#8221; font_container=&#8221;tag:h3|text_align:center&#8221; use_theme_fonts=&#8221;yes&#8221;][vc_column_text] Cu cele mai moderne instrumente, pentru orice categorie de v\u00e2rst\u0103. Vedere mai bun\u0103, aspect&hellip;\" \/>\n<meta property=\"og:url\" content=\"https:\/\/lenartoptika.ro\/ro\/servicii\/\" \/>\n<meta property=\"og:site_name\" content=\"L\u00e9n\u00e1rt Optika\" \/>\n<meta property=\"article:modified_time\" content=\"2021-05-05T03:32:27+00:00\" \/>\n<meta name=\"twitter:card\" content=\"summary_large_image\" \/>\n<meta name=\"twitter:label1\" content=\"Est. reading time\" \/>\n\t<meta name=\"twitter:data1\" content=\"2 minute\" \/>\n<script type=\"application\/ld+json\" class=\"yoast-schema-graph\">{\"@context\":\"https:\/\/schema.org\",\"@graph\":[{\"@type\":\"Organization\",\"@id\":\"https:\/\/lenartoptika.ro\/ro\/#organization\",\"name\":\"L\u00e9n\u00e1rt Optika\",\"url\":\"https:\/\/lenartoptika.ro\/ro\/\",\"sameAs\":[],\"logo\":{\"@type\":\"ImageObject\",\"inLanguage\":\"ro-RO\",\"@id\":\"https:\/\/lenartoptika.ro\/ro\/#\/schema\/logo\/image\/\",\"url\":\"https:\/\/lenartoptika.ro\/wp-content\/uploads\/2023\/01\/logo-hor-250.png\",\"contentUrl\":\"https:\/\/lenartoptika.ro\/wp-content\/uploads\/2023\/01\/logo-hor-250.png\",\"width\":250,\"height\":96,\"caption\":\"L\u00e9n\u00e1rt Optika\"},\"image\":{\"@id\":\"https:\/\/lenartoptika.ro\/ro\/#\/schema\/logo\/image\/\"}},{\"@type\":\"WebSite\",\"@id\":\"https:\/\/lenartoptika.ro\/ro\/#website\",\"url\":\"https:\/\/lenartoptika.ro\/ro\/\",\"name\":\"L\u00e9n\u00e1rt Optika\",\"description\":\"O vedere clar\u0103 \u0219i imaculat\u0103!\",\"publisher\":{\"@id\":\"https:\/\/lenartoptika.ro\/ro\/#organization\"},\"potentialAction\":[{\"@type\":\"SearchAction\",\"target\":{\"@type\":\"EntryPoint\",\"urlTemplate\":\"https:\/\/lenartoptika.ro\/ro\/?s={search_term_string}\"},\"query-input\":\"required name=search_term_string\"}],\"inLanguage\":\"ro-RO\"},{\"@type\":\"WebPage\",\"@id\":\"https:\/\/lenartoptika.ro\/ro\/servicii\/#webpage\",\"url\":\"https:\/\/lenartoptika.ro\/ro\/servicii\/\",\"name\":\"Servicii - L\u00e9n\u00e1rt Optika\",\"isPartOf\":{\"@id\":\"https:\/\/lenartoptika.ro\/ro\/#website\"},\"datePublished\":\"2021-05-05T03:27:04+00:00\",\"dateModified\":\"2021-05-05T03:32:27+00:00\",\"breadcrumb\":{\"@id\":\"https:\/\/lenartoptika.ro\/ro\/servicii\/#breadcrumb\"},\"inLanguage\":\"ro-RO\",\"potentialAction\":[{\"@type\":\"ReadAction\",\"target\":[\"https:\/\/lenartoptika.ro\/ro\/servicii\/\"]}]},{\"@type\":\"BreadcrumbList\",\"@id\":\"https:\/\/lenartoptika.ro\/ro\/servicii\/#breadcrumb\",\"itemListElement\":[{\"@type\":\"ListItem\",\"position\":1,\"name\":\"Home\",\"item\":\"https:\/\/lenartoptika.ro\/ro\/\"},{\"@type\":\"ListItem\",\"position\":2,\"name\":\"Servicii\"}]}]}<\/script>\n<!-- \/ Yoast SEO plugin. -->","yoast_head_json":{"title":"Servicii - L\u00e9n\u00e1rt Optika","robots":{"index":"index","follow":"follow","max-snippet":"max-snippet:-1","max-image-preview":"max-image-preview:large","max-video-preview":"max-video-preview:-1"},"canonical":"https:\/\/lenartoptika.ro\/ro\/servicii\/","og_locale":"ro_RO","og_type":"article","og_title":"Servicii - L\u00e9n\u00e1rt Optika","og_description":"[vc_row full_width=&#8221;stretch_row&#8221; el_class=&#8221;inner-toprow&#8221;][vc_column][vc_custom_heading text=&#8221;Serviciile noastre&#8221; font_container=&#8221;tag:h1|text_align:center&#8221; use_theme_fonts=&#8221;yes&#8221;][\/vc_column][\/vc_row][vc_row el_class=&#8221;services-row&#8221;][vc_column width=&#8221;1\/4&#8243;][vc_single_image image=&#8221;129&#8243; img_size=&#8221;full&#8221; alignment=&#8221;center&#8221;][vc_custom_heading text=&#8221;Consult oftalmologic&#8221; font_container=&#8221;tag:h3|text_align:center&#8221; use_theme_fonts=&#8221;yes&#8221;][vc_column_text] Consultul oftalmologic computerizat este utilizat pentru a detecta sau preveni problemele cu vederea. Contacteaz\u0103-ne cu \u00eencredere! [\/vc_column_text][\/vc_column][vc_column width=&#8221;1\/4&#8243;][vc_single_image image=&#8221;130&#8243; img_size=&#8221;full&#8221; alignment=&#8221;center&#8221;][vc_custom_heading text=&#8221;Fabricare ochelari&#8221; font_container=&#8221;tag:h3|text_align:center&#8221; use_theme_fonts=&#8221;yes&#8221;][vc_column_text] Cu cele mai moderne instrumente, pentru orice categorie de v\u00e2rst\u0103. Vedere mai bun\u0103, aspect&hellip;","og_url":"https:\/\/lenartoptika.ro\/ro\/servicii\/","og_site_name":"L\u00e9n\u00e1rt Optika","article_modified_time":"2021-05-05T03:32:27+00:00","twitter_card":"summary_large_image","twitter_misc":{"Est. reading time":"2 minute"},"schema":{"@context":"https:\/\/schema.org","@graph":[{"@type":"Organization","@id":"https:\/\/lenartoptika.ro\/ro\/#organization","name":"L\u00e9n\u00e1rt Optika","url":"https:\/\/lenartoptika.ro\/ro\/","sameAs":[],"logo":{"@type":"ImageObject","inLanguage":"ro-RO","@id":"https:\/\/lenartoptika.ro\/ro\/#\/schema\/logo\/image\/","url":"https:\/\/lenartoptika.ro\/wp-content\/uploads\/2023\/01\/logo-hor-250.png","contentUrl":"https:\/\/lenartoptika.ro\/wp-content\/uploads\/2023\/01\/logo-hor-250.png","width":250,"height":96,"caption":"L\u00e9n\u00e1rt Optika"},"image":{"@id":"https:\/\/lenartoptika.ro\/ro\/#\/schema\/logo\/image\/"}},{"@type":"WebSite","@id":"https:\/\/lenartoptika.ro\/ro\/#website","url":"https:\/\/lenartoptika.ro\/ro\/","name":"L\u00e9n\u00e1rt Optika","description":"O vedere clar\u0103 \u0219i imaculat\u0103!","publisher":{"@id":"https:\/\/lenartoptika.ro\/ro\/#organization"},"potentialAction":[{"@type":"SearchAction","target":{"@type":"EntryPoint","urlTemplate":"https:\/\/lenartoptika.ro\/ro\/?s={search_term_string}"},"query-input":"required name=search_term_string"}],"inLanguage":"ro-RO"},{"@type":"WebPage","@id":"https:\/\/lenartoptika.ro\/ro\/servicii\/#webpage","url":"https:\/\/lenartoptika.ro\/ro\/servicii\/","name":"Servicii - L\u00e9n\u00e1rt Optika","isPartOf":{"@id":"https:\/\/lenartoptika.ro\/ro\/#website"},"datePublished":"2021-05-05T03:27:04+00:00","dateModified":"2021-05-05T03:32:27+00:00","breadcrumb":{"@id":"https:\/\/lenartoptika.ro\/ro\/servicii\/#breadcrumb"},"inLanguage":"ro-RO","potentialAction":[{"@type":"ReadAction","target":["https:\/\/lenartoptika.ro\/ro\/servicii\/"]}]},{"@type":"BreadcrumbList","@id":"https:\/\/lenartoptika.ro\/ro\/servicii\/#breadcrumb","itemListElement":[{"@type":"ListItem","position":1,"name":"Home","item":"https:\/\/lenartoptika.ro\/ro\/"},{"@type":"ListItem","position":2,"name":"Servicii"}]}]}},"_links":{"self":[{"href":"https:\/\/lenartoptika.ro\/ro\/wp-json\/wp\/v2\/pages\/215"}],"collection":[{"href":"https:\/\/lenartoptika.ro\/ro\/wp-json\/wp\/v2\/pages"}],"about":[{"href":"https:\/\/lenartoptika.ro\/ro\/wp-json\/wp\/v2\/types\/page"}],"author":[{"embeddable":true,"href":"https:\/\/lenartoptika.ro\/ro\/wp-json\/wp\/v2\/users\/1"}],"replies":[{"embeddable":true,"href":"https:\/\/lenartoptika.ro\/ro\/wp-json\/wp\/v2\/comments?post=215"}],"version-history":[{"count":5,"href":"https:\/\/lenartoptika.ro\/ro\/wp-json\/wp\/v2\/pages\/215\/revisions"}],"predecessor-version":[{"id":220,"href":"https:\/\/lenartoptika.ro\/ro\/wp-json\/wp\/v2\/pages\/215\/revisions\/220"}],"wp:attachment":[{"href":"https:\/\/lenartoptika.ro\/ro\/wp-json\/wp\/v2\/media?parent=215"}],"curies":[{"name":"wp","href":"https:\/\/api.w.org\/{rel}","templated":true}]}}