{"id":210,"date":"2021-05-05T03:20:16","date_gmt":"2021-05-05T03:20:16","guid":{"rendered":"https:\/\/lenartoptika.ro\/?page_id=210"},"modified":"2021-05-05T03:25:22","modified_gmt":"2021-05-05T03:25:22","slug":"ochelari-3d-yuniku","status":"publish","type":"page","link":"https:\/\/lenartoptika.ro\/ro\/ochelari-3d-yuniku\/","title":{"rendered":"Ochelari 3D Yuniku"},"content":{"rendered":"<p>[vc_row full_width=&#8221;stretch_row&#8221; el_class=&#8221;inner-toprow&#8221;][vc_column][vc_custom_heading text=&#8221;Ochelari 3D Yuniku&#8221; font_container=&#8221;tag:h1|text_align:center&#8221; use_theme_fonts=&#8221;yes&#8221;][vc_column_text]<\/p>\n<p style=\"text-align: center;\"><strong>E\u0219ti unic! Exact ca \u0219i ochelarii t\u0103i Yuniku.<\/strong><\/p>\n<p style=\"text-align: center;\"><strong>\u00a0<\/strong><\/p>\n<p>[\/vc_column_text][\/vc_column][\/vc_row][vc_row equal_height=&#8221;yes&#8221; content_placement=&#8221;middle&#8221; css=&#8221;.vc_custom_1617202988319{margin-top: 70px !important;}&#8221;][vc_column width=&#8221;5\/6&#8243; el_class=&#8221;inner-about-block blendin-shadow&#8221; offset=&#8221;vc_col-sm-offset-1&#8243;][vc_row_inner equal_height=&#8221;yes&#8221; content_placement=&#8221;middle&#8221;][vc_column_inner width=&#8221;1\/3&#8243;][vc_single_image image=&#8221;82&#8243; img_size=&#8221;full&#8221; alignment=&#8221;center&#8221;][\/vc_column_inner][vc_column_inner width=&#8221;2\/3&#8243;][vc_column_text]Unicitate \u00een forma \u0219i tr\u0103s\u0103turile fe\u021bei, dar \u0219i \u00een privin\u021ba sentimentelor. Exprim\u0103-te! Creeaz\u0103-\u021bi stilul t\u0103u unic! Celebreaz\u0103-\u021bi unicitatea cu Yuniku![\/vc_column_text][\/vc_column_inner][\/vc_row_inner][\/vc_column][\/vc_row][vc_row full_width=&#8221;stretch_row_content_no_spaces&#8221; equal_height=&#8221;yes&#8221; el_class=&#8221;home-promo-block yuniku blendin-shadow&#8221;][vc_column width=&#8221;1\/2&#8243; css=&#8221;.vc_custom_1617205562332{background-image: url(https:\/\/lenartoptika.ro\/wp-content\/uploads\/2021\/03\/yuniku-img-1.jpg?id=87) !important;background-position: center !important;background-repeat: no-repeat !important;background-size: cover !important;}&#8221;][\/vc_column][vc_column width=&#8221;1\/2&#8243; el_class=&#8221;promo-details-block&#8221;][vc_row_inner][vc_column_inner][vc_custom_heading text=&#8221;De ce s\u0103 alegi Yuniku?&#8221; use_theme_fonts=&#8221;yes&#8221; el_class=&#8221;title-subline&#8221;][vc_column_text]<strong>\u00cen japonez\u0103, Yuniku \u00eenseamn\u0103 \u201eunic\u201c.<\/strong><\/p>\n<p>Prima pereche perfect personalizat\u0103 de ochelari cu design 3D din lume. Ochelarii Yuniku personaliza\u021bi cu tehnologie 3D sunt fabrica\u021bi \u00een a\u0219a fel \u00eenc\u00e2t s\u0103 se potriveasc\u0103 pe deplin formei fe\u021bei \u0219i nevoilor vederii tale.[\/vc_column_text][\/vc_column_inner][\/vc_row_inner][\/vc_column][\/vc_row][vc_row equal_height=&#8221;yes&#8221; content_placement=&#8221;middle&#8221; el_class=&#8221;home-bottom-row&#8221;][vc_column width=&#8221;1\/2&#8243; el_class=&#8221;home-bottom-row-details&#8221;][vc_custom_heading text=&#8221;Abordare axat\u0103 pe vedere, \u0219i nu pe ram\u0103&#8221; use_theme_fonts=&#8221;yes&#8221; el_class=&#8221;title-subline&#8221;][vc_column_text]Ochelarii tradi\u021bionali pot fi personaliza\u021bi doar \u00eentr-o anumit\u0103 m\u0103sur\u0103, deoarece rama \u0219i potrivirea acesteia sunt date, iar parametrii lentilelor trebuie s\u0103 se adapteze la acest lucru, ceea ce ne poate afecta negativ vederea.<\/p>\n<p>Yuniku se concentreaz\u0103 \u00een totalitate pe vederea ta. La crearea acestor ochelari proiecta\u021bi 3D, lu\u0103m \u00een considerare parametrii optimi pentru a se potrivi nevoilor tale vizuale unice \u0219i, \u00een func\u021bie de acestea, cre\u0103m rama ochelarilor t\u0103i cu imprimare 3D. Te po\u021bi bucura pentru prima dat\u0103 de precizie optic\u0103 unic\u0103, f\u0103r\u0103 a face compromisuri \u00een ceea ce prive\u0219te stilul sau potrivirea![\/vc_column_text][\/vc_column][vc_column width=&#8221;1\/2&#8243;][vc_single_image image=&#8221;93&#8243; img_size=&#8221;full&#8221; alignment=&#8221;center&#8221;][\/vc_column][\/vc_row][vc_row css=&#8221;.vc_custom_1617243092157{margin-top: 70px !important;}&#8221;][vc_column width=&#8221;5\/6&#8243; offset=&#8221;vc_col-sm-offset-1&#8243;][vc_custom_heading text=&#8221;Cum cre\u0103m ochelarii imprima\u021bi 3D?&#8221; font_container=&#8221;tag:h3|text_align:center&#8221; use_theme_fonts=&#8221;yes&#8221; el_class=&#8221;title-subline&#8221;]<div class=\"smile-icon-timeline-wrap csstime   \"     style=\"\"><div class=\"timeline-line \" style=\"border-right-color:;\"><span><\/span><\/div><div class=\"timeline-wrapper\"><div class=\"timeline-block \"><div class=\"timeline-dot\"><\/div><div class=\"ult-timeline-arrow\"><s><\/s><l><\/l><\/div><div class=\"timeline-icon-block\"><div class=\"ult-timeline-icon tl-icon-no-bg\" style=\"   \"><\/div> <!-- icon --><\/div><div class=\"timeline-header-block\" >\r\n\t\t\t\t\t\t\t<div id=\"timeline-item-5987\" class=\"timeline-header\" style=\"\"><h3 class=\"ult-timeline-title ult-responsive\"  data-ultimate-target='#timeline-item-5987 .ult-timeline-title'  data-responsive-json-new='{\"font-size\":\"\",\"line-height\":\"\"}'  style=\"\"><\/h3><div class=\"ult-responsive timeline-item-spt\"  data-ultimate-target='#timeline-item-5987 .timeline-item-spt'  data-responsive-json-new='{\"font-size\":\"\",\"line-height\":\"\"}'  style=\"\">\u00cen timpul scan\u0103rii faciale, \u00ee\u021bi \u00eenregistr\u0103m tr\u0103s\u0103turile fe\u021bei pentru a asigura potrivirea perfect\u0103 a ramei de ochelari \u0219i alegerea tipului de ram\u0103 ideal pentru tine.<\/div><\/div> <!-- header --><\/div><\/div><div class=\"timeline-block \"><div class=\"timeline-dot\"><\/div><div class=\"ult-timeline-arrow\"><s><\/s><l><\/l><\/div><div class=\"timeline-icon-block\"><div class=\"ult-timeline-icon tl-icon-no-bg\" style=\"   \"><\/div> <!-- icon --><\/div><div class=\"timeline-header-block\" >\r\n\t\t\t\t\t\t\t<div id=\"timeline-item-8528\" class=\"timeline-header\" style=\"\"><h3 class=\"ult-timeline-title ult-responsive\"  data-ultimate-target='#timeline-item-8528 .ult-timeline-title'  data-responsive-json-new='{\"font-size\":\"\",\"line-height\":\"\"}'  style=\"\"><\/h3><div class=\"ult-responsive timeline-item-spt\"  data-ultimate-target='#timeline-item-8528 .timeline-item-spt'  data-responsive-json-new='{\"font-size\":\"\",\"line-height\":\"\"}'  style=\"\">Cu ajutorul aplica\u021biei Yuniku, colect\u0103m datele referitoare la nevoile tale privind vederea \u0219i stilul de via\u021b\u0103, pe care le lu\u0103m apoi \u00een considerare \u00een calcularea c\u00e2mpurilor vizuale potrivite.<\/div><\/div> <!-- header --><\/div><\/div><div class=\"timeline-block \"><div class=\"timeline-dot\"><\/div><div class=\"ult-timeline-arrow\"><s><\/s><l><\/l><\/div><div class=\"timeline-icon-block\"><div class=\"ult-timeline-icon tl-icon-no-bg\" style=\"   \"><\/div> <!-- icon --><\/div><div class=\"timeline-header-block\" >\r\n\t\t\t\t\t\t\t<div id=\"timeline-item-4437\" class=\"timeline-header\" style=\"\"><h3 class=\"ult-timeline-title ult-responsive\"  data-ultimate-target='#timeline-item-4437 .ult-timeline-title'  data-responsive-json-new='{\"font-size\":\"\",\"line-height\":\"\"}'  style=\"\"><\/h3><div class=\"ult-responsive timeline-item-spt\"  data-ultimate-target='#timeline-item-4437 .timeline-item-spt'  data-responsive-json-new='{\"font-size\":\"\",\"line-height\":\"\"}'  style=\"\">\u00cen pasul urm\u0103tor, va trebui s\u0103 alegi modelul potrivit din colec\u021bia noastr\u0103 existent\u0103 de rame. Po\u021bi alege forma, culoarea \u0219i modelul care se potrive\u0219te cel mai bine cu stilul t\u0103u.<\/div><\/div> <!-- header --><\/div><\/div><div class=\"timeline-block \"><div class=\"timeline-dot\"><\/div><div class=\"ult-timeline-arrow\"><s><\/s><l><\/l><\/div><div class=\"timeline-icon-block\"><div class=\"ult-timeline-icon tl-icon-no-bg\" style=\"   \"><\/div> <!-- icon --><\/div><div class=\"timeline-header-block\" >\r\n\t\t\t\t\t\t\t<div id=\"timeline-item-2689\" class=\"timeline-header\" style=\"\"><h3 class=\"ult-timeline-title ult-responsive\"  data-ultimate-target='#timeline-item-2689 .ult-timeline-title'  data-responsive-json-new='{\"font-size\":\"\",\"line-height\":\"\"}'  style=\"\"><\/h3><div class=\"ult-responsive timeline-item-spt\"  data-ultimate-target='#timeline-item-2689 .timeline-item-spt'  data-responsive-json-new='{\"font-size\":\"\",\"line-height\":\"\"}'  style=\"\">Yuniku este disponibil cu lentilele de calitate premium Hoya. Po\u021bi alege tipul de lentile care se potrive\u0219te cel mai bine nevoilor tale (material, colorare, tratament de suprafa\u021b\u0103).<\/div><\/div> <!-- header --><\/div><\/div><div class=\"timeline-block \"><div class=\"timeline-dot\"><\/div><div class=\"ult-timeline-arrow\"><s><\/s><l><\/l><\/div><div class=\"timeline-icon-block\"><div class=\"ult-timeline-icon tl-icon-no-bg\" style=\"   \"><\/div> <!-- icon --><\/div><div class=\"timeline-header-block\" >\r\n\t\t\t\t\t\t\t<div id=\"timeline-item-9971\" class=\"timeline-header\" style=\"\"><h3 class=\"ult-timeline-title ult-responsive\"  data-ultimate-target='#timeline-item-9971 .ult-timeline-title'  data-responsive-json-new='{\"font-size\":\"\",\"line-height\":\"\"}'  style=\"\"><\/h3><div class=\"ult-responsive timeline-item-spt\"  data-ultimate-target='#timeline-item-9971 .timeline-item-spt'  data-responsive-json-new='{\"font-size\":\"\",\"line-height\":\"\"}'  style=\"\">\u00cen acest proces, te vei putea vedea pe ecran cu noii t\u0103i ochelari personaliza\u021bi Yuniku.<\/div><\/div> <!-- header --><\/div><\/div><div class=\"timeline-block \"><div class=\"timeline-dot\"><\/div><div class=\"ult-timeline-arrow\"><s><\/s><l><\/l><\/div><div class=\"timeline-icon-block\"><div class=\"ult-timeline-icon tl-icon-no-bg\" style=\"   \"><\/div> <!-- icon --><\/div><div class=\"timeline-header-block\" >\r\n\t\t\t\t\t\t\t<div id=\"timeline-item-3745\" class=\"timeline-header\" style=\"\"><h3 class=\"ult-timeline-title ult-responsive\"  data-ultimate-target='#timeline-item-3745 .ult-timeline-title'  data-responsive-json-new='{\"font-size\":\"\",\"line-height\":\"\"}'  style=\"\"><\/h3><div class=\"ult-responsive timeline-item-spt\"  data-ultimate-target='#timeline-item-3745 .timeline-item-spt'  data-responsive-json-new='{\"font-size\":\"\",\"line-height\":\"\"}'  style=\"\">Dup\u0103 trimiterea comenzii, \u00ee\u021bi imprim\u0103m rama cu ajutorul tehnologiei 3D. Dup\u0103 montarea lentilelor lustruite \u00een ram\u0103, \u00ee\u021bi vei primi ochelarii Yuniku perfect personaliza\u021bi.<\/div><\/div> <!-- header --><\/div><\/div><\/div><\/div>[\/vc_column][\/vc_row][vc_row equal_height=&#8221;yes&#8221; content_placement=&#8221;middle&#8221; css=&#8221;.vc_custom_1617202988319{margin-top: 70px !important;}&#8221;][vc_column width=&#8221;5\/6&#8243; el_class=&#8221;inner-about-block blendin-shadow&#8221; offset=&#8221;vc_col-sm-offset-1&#8243; css=&#8221;.vc_custom_1619115596202{padding-right: 0px !important;padding-left: 0px !important;}&#8221;][vc_video link=&#8221;https:\/\/www.youtube.com\/watch?v=39JXFGwHnSI&#8221; align=&#8221;center&#8221;][\/vc_column][\/vc_row][vc_row css=&#8221;.vc_custom_1617244987672{margin-top: 70px !important;}&#8221; el_class=&#8221;yuniku-features&#8221;][vc_column width=&#8221;1\/3&#8243;][vc_single_image image=&#8221;101&#8243; img_size=&#8221;full&#8221; alignment=&#8221;center&#8221;][vc_custom_heading text=&#8221;Potrivire perfect\u0103&#8221; font_container=&#8221;tag:h4|text_align:center&#8221; use_theme_fonts=&#8221;yes&#8221;][\/vc_column][vc_column width=&#8221;1\/3&#8243;][vc_single_image image=&#8221;103&#8243; img_size=&#8221;full&#8221; alignment=&#8221;center&#8221;][vc_custom_heading text=&#8221;Material flexibil&#8221; font_container=&#8221;tag:h4|text_align:center&#8221; use_theme_fonts=&#8221;yes&#8221;][\/vc_column][vc_column width=&#8221;1\/3&#8243;][vc_single_image image=&#8221;102&#8243; img_size=&#8221;full&#8221; alignment=&#8221;center&#8221;][vc_custom_heading text=&#8221;Solu\u021bie con\u0219tient\u0103 de mediu&#8221; font_container=&#8221;tag:h4|text_align:center&#8221; use_theme_fonts=&#8221;yes&#8221;][\/vc_column][\/vc_row]<\/p>\n","protected":false},"excerpt":{"rendered":"<p>[vc_row full_width=&#8221;stretch_row&#8221; el_class=&#8221;inner-toprow&#8221;][vc_column][vc_custom_heading text=&#8221;Ochelari 3D Yuniku&#8221; font_container=&#8221;tag:h1|text_align:center&#8221; use_theme_fonts=&#8221;yes&#8221;][vc_column_text] E\u0219ti unic! Exact ca \u0219i ochelarii t\u0103i Yuniku. \u00a0 [\/vc_column_text][\/vc_column][\/vc_row][vc_row equal_height=&#8221;yes&#8221; content_placement=&#8221;middle&#8221; css=&#8221;.vc_custom_1617202988319{margin-top: 70px !important;}&#8221;][vc_column width=&#8221;5\/6&#8243; el_class=&#8221;inner-about-block blendin-shadow&#8221; offset=&#8221;vc_col-sm-offset-1&#8243;][vc_row_inner equal_height=&#8221;yes&#8221; content_placement=&#8221;middle&#8221;][vc_column_inner width=&#8221;1\/3&#8243;][vc_single_image image=&#8221;82&#8243; img_size=&#8221;full&#8221; alignment=&#8221;center&#8221;][\/vc_column_inner][vc_column_inner width=&#8221;2\/3&#8243;][vc_column_text]Unicitate \u00een forma \u0219i tr\u0103s\u0103turile fe\u021bei, dar \u0219i \u00een privin\u021ba sentimentelor. Exprim\u0103-te! Creeaz\u0103-\u021bi stilul t\u0103u unic! Celebreaz\u0103-\u021bi unicitatea cu Yuniku![\/vc_column_text][\/vc_column_inner][\/vc_row_inner][\/vc_column][\/vc_row][vc_row full_width=&#8221;stretch_row_content_no_spaces&#8221; equal_height=&#8221;yes&#8221;&hellip;<\/p>\n","protected":false},"author":1,"featured_media":0,"parent":0,"menu_order":0,"comment_status":"closed","ping_status":"closed","template":"","meta":[],"yoast_head":"<!-- This site is optimized with the Yoast SEO plugin v18.9 - https:\/\/yoast.com\/wordpress\/plugins\/seo\/ -->\n<title>Ochelari 3D Yuniku - L\u00e9n\u00e1rt Optika<\/title>\n<meta name=\"robots\" content=\"index, follow, max-snippet:-1, max-image-preview:large, max-video-preview:-1\" \/>\n<link rel=\"canonical\" href=\"https:\/\/lenartoptika.ro\/ro\/ochelari-3d-yuniku\/\" \/>\n<meta property=\"og:locale\" content=\"ro_RO\" \/>\n<meta property=\"og:type\" content=\"article\" \/>\n<meta property=\"og:title\" content=\"Ochelari 3D Yuniku - L\u00e9n\u00e1rt Optika\" \/>\n<meta property=\"og:description\" content=\"[vc_row full_width=&#8221;stretch_row&#8221; el_class=&#8221;inner-toprow&#8221;][vc_column][vc_custom_heading text=&#8221;Ochelari 3D Yuniku&#8221; font_container=&#8221;tag:h1|text_align:center&#8221; use_theme_fonts=&#8221;yes&#8221;][vc_column_text] E\u0219ti unic! Exact ca \u0219i ochelarii t\u0103i Yuniku. \u00a0 [\/vc_column_text][\/vc_column][\/vc_row][vc_row equal_height=&#8221;yes&#8221; content_placement=&#8221;middle&#8221; css=&#8221;.vc_custom_1617202988319{margin-top: 70px !important;}&#8221;][vc_column width=&#8221;5\/6&#8243; el_class=&#8221;inner-about-block blendin-shadow&#8221; offset=&#8221;vc_col-sm-offset-1&#8243;][vc_row_inner equal_height=&#8221;yes&#8221; content_placement=&#8221;middle&#8221;][vc_column_inner width=&#8221;1\/3&#8243;][vc_single_image image=&#8221;82&#8243; img_size=&#8221;full&#8221; alignment=&#8221;center&#8221;][\/vc_column_inner][vc_column_inner width=&#8221;2\/3&#8243;][vc_column_text]Unicitate \u00een forma \u0219i tr\u0103s\u0103turile fe\u021bei, dar \u0219i \u00een privin\u021ba sentimentelor. Exprim\u0103-te! Creeaz\u0103-\u021bi stilul t\u0103u unic! Celebreaz\u0103-\u021bi unicitatea cu Yuniku![\/vc_column_text][\/vc_column_inner][\/vc_row_inner][\/vc_column][\/vc_row][vc_row full_width=&#8221;stretch_row_content_no_spaces&#8221; equal_height=&#8221;yes&#8221;&hellip;\" \/>\n<meta property=\"og:url\" content=\"https:\/\/lenartoptika.ro\/ro\/ochelari-3d-yuniku\/\" \/>\n<meta property=\"og:site_name\" content=\"L\u00e9n\u00e1rt Optika\" \/>\n<meta property=\"article:modified_time\" content=\"2021-05-05T03:25:22+00:00\" \/>\n<meta name=\"twitter:card\" content=\"summary_large_image\" \/>\n<meta name=\"twitter:label1\" content=\"Est. reading time\" \/>\n\t<meta name=\"twitter:data1\" content=\"4 minute\" \/>\n<script type=\"application\/ld+json\" class=\"yoast-schema-graph\">{\"@context\":\"https:\/\/schema.org\",\"@graph\":[{\"@type\":\"Organization\",\"@id\":\"https:\/\/lenartoptika.ro\/ro\/#organization\",\"name\":\"L\u00e9n\u00e1rt Optika\",\"url\":\"https:\/\/lenartoptika.ro\/ro\/\",\"sameAs\":[],\"logo\":{\"@type\":\"ImageObject\",\"inLanguage\":\"ro-RO\",\"@id\":\"https:\/\/lenartoptika.ro\/ro\/#\/schema\/logo\/image\/\",\"url\":\"https:\/\/lenartoptika.ro\/wp-content\/uploads\/2023\/01\/logo-hor-250.png\",\"contentUrl\":\"https:\/\/lenartoptika.ro\/wp-content\/uploads\/2023\/01\/logo-hor-250.png\",\"width\":250,\"height\":96,\"caption\":\"L\u00e9n\u00e1rt Optika\"},\"image\":{\"@id\":\"https:\/\/lenartoptika.ro\/ro\/#\/schema\/logo\/image\/\"}},{\"@type\":\"WebSite\",\"@id\":\"https:\/\/lenartoptika.ro\/ro\/#website\",\"url\":\"https:\/\/lenartoptika.ro\/ro\/\",\"name\":\"L\u00e9n\u00e1rt Optika\",\"description\":\"O vedere clar\u0103 \u0219i imaculat\u0103!\",\"publisher\":{\"@id\":\"https:\/\/lenartoptika.ro\/ro\/#organization\"},\"potentialAction\":[{\"@type\":\"SearchAction\",\"target\":{\"@type\":\"EntryPoint\",\"urlTemplate\":\"https:\/\/lenartoptika.ro\/ro\/?s={search_term_string}\"},\"query-input\":\"required name=search_term_string\"}],\"inLanguage\":\"ro-RO\"},{\"@type\":\"WebPage\",\"@id\":\"https:\/\/lenartoptika.ro\/ro\/ochelari-3d-yuniku\/#webpage\",\"url\":\"https:\/\/lenartoptika.ro\/ro\/ochelari-3d-yuniku\/\",\"name\":\"Ochelari 3D Yuniku - L\u00e9n\u00e1rt Optika\",\"isPartOf\":{\"@id\":\"https:\/\/lenartoptika.ro\/ro\/#website\"},\"datePublished\":\"2021-05-05T03:20:16+00:00\",\"dateModified\":\"2021-05-05T03:25:22+00:00\",\"breadcrumb\":{\"@id\":\"https:\/\/lenartoptika.ro\/ro\/ochelari-3d-yuniku\/#breadcrumb\"},\"inLanguage\":\"ro-RO\",\"potentialAction\":[{\"@type\":\"ReadAction\",\"target\":[\"https:\/\/lenartoptika.ro\/ro\/ochelari-3d-yuniku\/\"]}]},{\"@type\":\"BreadcrumbList\",\"@id\":\"https:\/\/lenartoptika.ro\/ro\/ochelari-3d-yuniku\/#breadcrumb\",\"itemListElement\":[{\"@type\":\"ListItem\",\"position\":1,\"name\":\"Home\",\"item\":\"https:\/\/lenartoptika.ro\/ro\/\"},{\"@type\":\"ListItem\",\"position\":2,\"name\":\"Ochelari 3D Yuniku\"}]}]}<\/script>\n<!-- \/ Yoast SEO plugin. -->","yoast_head_json":{"title":"Ochelari 3D Yuniku - L\u00e9n\u00e1rt Optika","robots":{"index":"index","follow":"follow","max-snippet":"max-snippet:-1","max-image-preview":"max-image-preview:large","max-video-preview":"max-video-preview:-1"},"canonical":"https:\/\/lenartoptika.ro\/ro\/ochelari-3d-yuniku\/","og_locale":"ro_RO","og_type":"article","og_title":"Ochelari 3D Yuniku - L\u00e9n\u00e1rt Optika","og_description":"[vc_row full_width=&#8221;stretch_row&#8221; el_class=&#8221;inner-toprow&#8221;][vc_column][vc_custom_heading text=&#8221;Ochelari 3D Yuniku&#8221; font_container=&#8221;tag:h1|text_align:center&#8221; use_theme_fonts=&#8221;yes&#8221;][vc_column_text] E\u0219ti unic! Exact ca \u0219i ochelarii t\u0103i Yuniku. \u00a0 [\/vc_column_text][\/vc_column][\/vc_row][vc_row equal_height=&#8221;yes&#8221; content_placement=&#8221;middle&#8221; css=&#8221;.vc_custom_1617202988319{margin-top: 70px !important;}&#8221;][vc_column width=&#8221;5\/6&#8243; el_class=&#8221;inner-about-block blendin-shadow&#8221; offset=&#8221;vc_col-sm-offset-1&#8243;][vc_row_inner equal_height=&#8221;yes&#8221; content_placement=&#8221;middle&#8221;][vc_column_inner width=&#8221;1\/3&#8243;][vc_single_image image=&#8221;82&#8243; img_size=&#8221;full&#8221; alignment=&#8221;center&#8221;][\/vc_column_inner][vc_column_inner width=&#8221;2\/3&#8243;][vc_column_text]Unicitate \u00een forma \u0219i tr\u0103s\u0103turile fe\u021bei, dar \u0219i \u00een privin\u021ba sentimentelor. Exprim\u0103-te! Creeaz\u0103-\u021bi stilul t\u0103u unic! Celebreaz\u0103-\u021bi unicitatea cu Yuniku![\/vc_column_text][\/vc_column_inner][\/vc_row_inner][\/vc_column][\/vc_row][vc_row full_width=&#8221;stretch_row_content_no_spaces&#8221; equal_height=&#8221;yes&#8221;&hellip;","og_url":"https:\/\/lenartoptika.ro\/ro\/ochelari-3d-yuniku\/","og_site_name":"L\u00e9n\u00e1rt Optika","article_modified_time":"2021-05-05T03:25:22+00:00","twitter_card":"summary_large_image","twitter_misc":{"Est. reading time":"4 minute"},"schema":{"@context":"https:\/\/schema.org","@graph":[{"@type":"Organization","@id":"https:\/\/lenartoptika.ro\/ro\/#organization","name":"L\u00e9n\u00e1rt Optika","url":"https:\/\/lenartoptika.ro\/ro\/","sameAs":[],"logo":{"@type":"ImageObject","inLanguage":"ro-RO","@id":"https:\/\/lenartoptika.ro\/ro\/#\/schema\/logo\/image\/","url":"https:\/\/lenartoptika.ro\/wp-content\/uploads\/2023\/01\/logo-hor-250.png","contentUrl":"https:\/\/lenartoptika.ro\/wp-content\/uploads\/2023\/01\/logo-hor-250.png","width":250,"height":96,"caption":"L\u00e9n\u00e1rt Optika"},"image":{"@id":"https:\/\/lenartoptika.ro\/ro\/#\/schema\/logo\/image\/"}},{"@type":"WebSite","@id":"https:\/\/lenartoptika.ro\/ro\/#website","url":"https:\/\/lenartoptika.ro\/ro\/","name":"L\u00e9n\u00e1rt Optika","description":"O vedere clar\u0103 \u0219i imaculat\u0103!","publisher":{"@id":"https:\/\/lenartoptika.ro\/ro\/#organization"},"potentialAction":[{"@type":"SearchAction","target":{"@type":"EntryPoint","urlTemplate":"https:\/\/lenartoptika.ro\/ro\/?s={search_term_string}"},"query-input":"required name=search_term_string"}],"inLanguage":"ro-RO"},{"@type":"WebPage","@id":"https:\/\/lenartoptika.ro\/ro\/ochelari-3d-yuniku\/#webpage","url":"https:\/\/lenartoptika.ro\/ro\/ochelari-3d-yuniku\/","name":"Ochelari 3D Yuniku - L\u00e9n\u00e1rt Optika","isPartOf":{"@id":"https:\/\/lenartoptika.ro\/ro\/#website"},"datePublished":"2021-05-05T03:20:16+00:00","dateModified":"2021-05-05T03:25:22+00:00","breadcrumb":{"@id":"https:\/\/lenartoptika.ro\/ro\/ochelari-3d-yuniku\/#breadcrumb"},"inLanguage":"ro-RO","potentialAction":[{"@type":"ReadAction","target":["https:\/\/lenartoptika.ro\/ro\/ochelari-3d-yuniku\/"]}]},{"@type":"BreadcrumbList","@id":"https:\/\/lenartoptika.ro\/ro\/ochelari-3d-yuniku\/#breadcrumb","itemListElement":[{"@type":"ListItem","position":1,"name":"Home","item":"https:\/\/lenartoptika.ro\/ro\/"},{"@type":"ListItem","position":2,"name":"Ochelari 3D Yuniku"}]}]}},"_links":{"self":[{"href":"https:\/\/lenartoptika.ro\/ro\/wp-json\/wp\/v2\/pages\/210"}],"collection":[{"href":"https:\/\/lenartoptika.ro\/ro\/wp-json\/wp\/v2\/pages"}],"about":[{"href":"https:\/\/lenartoptika.ro\/ro\/wp-json\/wp\/v2\/types\/page"}],"author":[{"embeddable":true,"href":"https:\/\/lenartoptika.ro\/ro\/wp-json\/wp\/v2\/users\/1"}],"replies":[{"embeddable":true,"href":"https:\/\/lenartoptika.ro\/ro\/wp-json\/wp\/v2\/comments?post=210"}],"version-history":[{"count":4,"href":"https:\/\/lenartoptika.ro\/ro\/wp-json\/wp\/v2\/pages\/210\/revisions"}],"predecessor-version":[{"id":214,"href":"https:\/\/lenartoptika.ro\/ro\/wp-json\/wp\/v2\/pages\/210\/revisions\/214"}],"wp:attachment":[{"href":"https:\/\/lenartoptika.ro\/ro\/wp-json\/wp\/v2\/media?parent=210"}],"curies":[{"name":"wp","href":"https:\/\/api.w.org\/{rel}","templated":true}]}}