{"id":205,"date":"2021-05-05T03:15:06","date_gmt":"2021-05-05T03:15:06","guid":{"rendered":"https:\/\/lenartoptika.ro\/?page_id=205"},"modified":"2021-05-05T03:18:52","modified_gmt":"2021-05-05T03:18:52","slug":"hoya","status":"publish","type":"page","link":"https:\/\/lenartoptika.ro\/ro\/hoya\/","title":{"rendered":"Hoya"},"content":{"rendered":"<p>[vc_row full_width=&#8221;stretch_row&#8221; el_class=&#8221;inner-toprow&#8221;][vc_column width=&#8221;1\/2&#8243;][vc_custom_heading text=&#8221;Lentile de ochelari Hoya&#8221; font_container=&#8221;tag:h1|text_align:center&#8221; use_theme_fonts=&#8221;yes&#8221;][\/vc_column][vc_column width=&#8221;1\/2&#8243;][vc_column_text]Propriet\u0103\u021bi optice excelente, lentile de ochelari durabile \u0219i estetice.<br \/>\nVedere perfect\u0103. Aspect perfect.[\/vc_column_text][\/vc_column][\/vc_row][vc_row equal_height=&#8221;yes&#8221; content_placement=&#8221;middle&#8221; css=&#8221;.vc_custom_1617202988319{margin-top: 70px !important;}&#8221;][vc_column width=&#8221;5\/6&#8243; el_class=&#8221;inner-about-block blendin-shadow&#8221; offset=&#8221;vc_col-sm-offset-1&#8243;][vc_row_inner equal_height=&#8221;yes&#8221; content_placement=&#8221;middle&#8221;][vc_column_inner width=&#8221;1\/3&#8243;][vc_single_image image=&#8221;67&#8243; img_size=&#8221;full&#8221; alignment=&#8221;center&#8221;][\/vc_column_inner][vc_column_inner width=&#8221;2\/3&#8243;][vc_column_text]Condus de pasiunea pentru inova\u021bie, Hoya dep\u0103\u0219e\u0219te constant grani\u021bele profesionale. Folosind tehnologii revolu\u021bionare, oferim produse personalizate \u0219i servicii de \u00eenalt\u0103 calitate at\u00e2t opticienilor, c\u00e2t \u0219i purt\u0103torilor de ochelari.[\/vc_column_text][\/vc_column_inner][\/vc_row_inner][\/vc_column][\/vc_row][vc_row css=&#8221;.vc_custom_1617202231873{margin-top: 70px !important;}&#8221; el_class=&#8221;home-services-row&#8221;][vc_column width=&#8221;1\/3&#8243;][vc_single_image image=&#8221;122&#8243; img_size=&#8221;full&#8221;][vc_custom_heading text=&#8221;Tehnologie&#8221; font_container=&#8221;tag:h3|text_align:left&#8221; use_theme_fonts=&#8221;yes&#8221;][vc_column_text]Utiliz\u0103m cele mai noi tehnologii \u00een crearea produselor noastre de calitate \u00eenalt\u0103.[\/vc_column_text][\/vc_column][vc_column width=&#8221;1\/3&#8243;][vc_single_image image=&#8221;121&#8243; img_size=&#8221;full&#8221;][vc_custom_heading text=&#8221;Calitate&#8221; font_container=&#8221;tag:h3|text_align:left&#8221; use_theme_fonts=&#8221;yes&#8221;][vc_column_text]Calitatea Hoya \u00eenseamn\u0103 mult mai mult dec\u00e2t doar calitatea produselor noastre. Pentru noi, calitatea \u00eenseamn\u0103 grija constant\u0103 pentru clien\u021bii \u0219i cump\u0103r\u0103torii no\u0219tri, pe tot parcursul consulta\u021biei \u0219i achizi\u021biei ochelarilor.[\/vc_column_text][\/vc_column][vc_column width=&#8221;1\/3&#8243;][vc_single_image image=&#8221;120&#8243; img_size=&#8221;full&#8221;][vc_custom_heading text=&#8221;Gam\u0103 unic\u0103 de produse&#8221; font_container=&#8221;tag:h3|text_align:left&#8221; use_theme_fonts=&#8221;yes&#8221;][vc_column_text]Dispunem de o gam\u0103 extraordinar de larg\u0103 \u0219i variat\u0103 de produse.[\/vc_column_text][\/vc_column][\/vc_row]<\/p>\n","protected":false},"excerpt":{"rendered":"<p>[vc_row full_width=&#8221;stretch_row&#8221; el_class=&#8221;inner-toprow&#8221;][vc_column width=&#8221;1\/2&#8243;][vc_custom_heading text=&#8221;Lentile de ochelari Hoya&#8221; font_container=&#8221;tag:h1|text_align:center&#8221; use_theme_fonts=&#8221;yes&#8221;][\/vc_column][vc_column width=&#8221;1\/2&#8243;][vc_column_text]Propriet\u0103\u021bi optice excelente, lentile de ochelari durabile \u0219i estetice. Vedere perfect\u0103. Aspect perfect.[\/vc_column_text][\/vc_column][\/vc_row][vc_row equal_height=&#8221;yes&#8221; content_placement=&#8221;middle&#8221; css=&#8221;.vc_custom_1617202988319{margin-top: 70px !important;}&#8221;][vc_column width=&#8221;5\/6&#8243; el_class=&#8221;inner-about-block blendin-shadow&#8221; offset=&#8221;vc_col-sm-offset-1&#8243;][vc_row_inner equal_height=&#8221;yes&#8221; content_placement=&#8221;middle&#8221;][vc_column_inner width=&#8221;1\/3&#8243;][vc_single_image image=&#8221;67&#8243; img_size=&#8221;full&#8221; alignment=&#8221;center&#8221;][\/vc_column_inner][vc_column_inner width=&#8221;2\/3&#8243;][vc_column_text]Condus de pasiunea pentru inova\u021bie, Hoya dep\u0103\u0219e\u0219te constant grani\u021bele profesionale. Folosind tehnologii revolu\u021bionare, oferim produse personalizate \u0219i&hellip;<\/p>\n","protected":false},"author":1,"featured_media":0,"parent":0,"menu_order":0,"comment_status":"closed","ping_status":"closed","template":"","meta":[],"yoast_head":"<!-- This site is optimized with the Yoast SEO plugin v18.9 - https:\/\/yoast.com\/wordpress\/plugins\/seo\/ -->\n<title>Hoya - L\u00e9n\u00e1rt Optika<\/title>\n<meta name=\"robots\" content=\"index, follow, max-snippet:-1, max-image-preview:large, max-video-preview:-1\" \/>\n<link rel=\"canonical\" href=\"https:\/\/lenartoptika.ro\/ro\/hoya\/\" \/>\n<meta property=\"og:locale\" content=\"ro_RO\" \/>\n<meta property=\"og:type\" content=\"article\" \/>\n<meta property=\"og:title\" content=\"Hoya - L\u00e9n\u00e1rt Optika\" \/>\n<meta property=\"og:description\" content=\"[vc_row full_width=&#8221;stretch_row&#8221; el_class=&#8221;inner-toprow&#8221;][vc_column width=&#8221;1\/2&#8243;][vc_custom_heading text=&#8221;Lentile de ochelari Hoya&#8221; font_container=&#8221;tag:h1|text_align:center&#8221; use_theme_fonts=&#8221;yes&#8221;][\/vc_column][vc_column width=&#8221;1\/2&#8243;][vc_column_text]Propriet\u0103\u021bi optice excelente, lentile de ochelari durabile \u0219i estetice. Vedere perfect\u0103. Aspect perfect.[\/vc_column_text][\/vc_column][\/vc_row][vc_row equal_height=&#8221;yes&#8221; content_placement=&#8221;middle&#8221; css=&#8221;.vc_custom_1617202988319{margin-top: 70px !important;}&#8221;][vc_column width=&#8221;5\/6&#8243; el_class=&#8221;inner-about-block blendin-shadow&#8221; offset=&#8221;vc_col-sm-offset-1&#8243;][vc_row_inner equal_height=&#8221;yes&#8221; content_placement=&#8221;middle&#8221;][vc_column_inner width=&#8221;1\/3&#8243;][vc_single_image image=&#8221;67&#8243; img_size=&#8221;full&#8221; alignment=&#8221;center&#8221;][\/vc_column_inner][vc_column_inner width=&#8221;2\/3&#8243;][vc_column_text]Condus de pasiunea pentru inova\u021bie, Hoya dep\u0103\u0219e\u0219te constant grani\u021bele profesionale. Folosind tehnologii revolu\u021bionare, oferim produse personalizate \u0219i&hellip;\" \/>\n<meta property=\"og:url\" content=\"https:\/\/lenartoptika.ro\/ro\/hoya\/\" \/>\n<meta property=\"og:site_name\" content=\"L\u00e9n\u00e1rt Optika\" \/>\n<meta property=\"article:modified_time\" content=\"2021-05-05T03:18:52+00:00\" \/>\n<meta name=\"twitter:card\" content=\"summary_large_image\" \/>\n<meta name=\"twitter:label1\" content=\"Est. reading time\" \/>\n\t<meta name=\"twitter:data1\" content=\"2 minute\" \/>\n<script type=\"application\/ld+json\" class=\"yoast-schema-graph\">{\"@context\":\"https:\/\/schema.org\",\"@graph\":[{\"@type\":\"Organization\",\"@id\":\"https:\/\/lenartoptika.ro\/ro\/#organization\",\"name\":\"L\u00e9n\u00e1rt Optika\",\"url\":\"https:\/\/lenartoptika.ro\/ro\/\",\"sameAs\":[],\"logo\":{\"@type\":\"ImageObject\",\"inLanguage\":\"ro-RO\",\"@id\":\"https:\/\/lenartoptika.ro\/ro\/#\/schema\/logo\/image\/\",\"url\":\"https:\/\/lenartoptika.ro\/wp-content\/uploads\/2023\/01\/logo-hor-250.png\",\"contentUrl\":\"https:\/\/lenartoptika.ro\/wp-content\/uploads\/2023\/01\/logo-hor-250.png\",\"width\":250,\"height\":96,\"caption\":\"L\u00e9n\u00e1rt Optika\"},\"image\":{\"@id\":\"https:\/\/lenartoptika.ro\/ro\/#\/schema\/logo\/image\/\"}},{\"@type\":\"WebSite\",\"@id\":\"https:\/\/lenartoptika.ro\/ro\/#website\",\"url\":\"https:\/\/lenartoptika.ro\/ro\/\",\"name\":\"L\u00e9n\u00e1rt Optika\",\"description\":\"O vedere clar\u0103 \u0219i imaculat\u0103!\",\"publisher\":{\"@id\":\"https:\/\/lenartoptika.ro\/ro\/#organization\"},\"potentialAction\":[{\"@type\":\"SearchAction\",\"target\":{\"@type\":\"EntryPoint\",\"urlTemplate\":\"https:\/\/lenartoptika.ro\/ro\/?s={search_term_string}\"},\"query-input\":\"required name=search_term_string\"}],\"inLanguage\":\"ro-RO\"},{\"@type\":\"WebPage\",\"@id\":\"https:\/\/lenartoptika.ro\/ro\/hoya\/#webpage\",\"url\":\"https:\/\/lenartoptika.ro\/ro\/hoya\/\",\"name\":\"Hoya - L\u00e9n\u00e1rt Optika\",\"isPartOf\":{\"@id\":\"https:\/\/lenartoptika.ro\/ro\/#website\"},\"datePublished\":\"2021-05-05T03:15:06+00:00\",\"dateModified\":\"2021-05-05T03:18:52+00:00\",\"breadcrumb\":{\"@id\":\"https:\/\/lenartoptika.ro\/ro\/hoya\/#breadcrumb\"},\"inLanguage\":\"ro-RO\",\"potentialAction\":[{\"@type\":\"ReadAction\",\"target\":[\"https:\/\/lenartoptika.ro\/ro\/hoya\/\"]}]},{\"@type\":\"BreadcrumbList\",\"@id\":\"https:\/\/lenartoptika.ro\/ro\/hoya\/#breadcrumb\",\"itemListElement\":[{\"@type\":\"ListItem\",\"position\":1,\"name\":\"Home\",\"item\":\"https:\/\/lenartoptika.ro\/ro\/\"},{\"@type\":\"ListItem\",\"position\":2,\"name\":\"Hoya\"}]}]}<\/script>\n<!-- \/ Yoast SEO plugin. -->","yoast_head_json":{"title":"Hoya - L\u00e9n\u00e1rt Optika","robots":{"index":"index","follow":"follow","max-snippet":"max-snippet:-1","max-image-preview":"max-image-preview:large","max-video-preview":"max-video-preview:-1"},"canonical":"https:\/\/lenartoptika.ro\/ro\/hoya\/","og_locale":"ro_RO","og_type":"article","og_title":"Hoya - L\u00e9n\u00e1rt Optika","og_description":"[vc_row full_width=&#8221;stretch_row&#8221; el_class=&#8221;inner-toprow&#8221;][vc_column width=&#8221;1\/2&#8243;][vc_custom_heading text=&#8221;Lentile de ochelari Hoya&#8221; font_container=&#8221;tag:h1|text_align:center&#8221; use_theme_fonts=&#8221;yes&#8221;][\/vc_column][vc_column width=&#8221;1\/2&#8243;][vc_column_text]Propriet\u0103\u021bi optice excelente, lentile de ochelari durabile \u0219i estetice. Vedere perfect\u0103. Aspect perfect.[\/vc_column_text][\/vc_column][\/vc_row][vc_row equal_height=&#8221;yes&#8221; content_placement=&#8221;middle&#8221; css=&#8221;.vc_custom_1617202988319{margin-top: 70px !important;}&#8221;][vc_column width=&#8221;5\/6&#8243; el_class=&#8221;inner-about-block blendin-shadow&#8221; offset=&#8221;vc_col-sm-offset-1&#8243;][vc_row_inner equal_height=&#8221;yes&#8221; content_placement=&#8221;middle&#8221;][vc_column_inner width=&#8221;1\/3&#8243;][vc_single_image image=&#8221;67&#8243; img_size=&#8221;full&#8221; alignment=&#8221;center&#8221;][\/vc_column_inner][vc_column_inner width=&#8221;2\/3&#8243;][vc_column_text]Condus de pasiunea pentru inova\u021bie, Hoya dep\u0103\u0219e\u0219te constant grani\u021bele profesionale. Folosind tehnologii revolu\u021bionare, oferim produse personalizate \u0219i&hellip;","og_url":"https:\/\/lenartoptika.ro\/ro\/hoya\/","og_site_name":"L\u00e9n\u00e1rt Optika","article_modified_time":"2021-05-05T03:18:52+00:00","twitter_card":"summary_large_image","twitter_misc":{"Est. reading time":"2 minute"},"schema":{"@context":"https:\/\/schema.org","@graph":[{"@type":"Organization","@id":"https:\/\/lenartoptika.ro\/ro\/#organization","name":"L\u00e9n\u00e1rt Optika","url":"https:\/\/lenartoptika.ro\/ro\/","sameAs":[],"logo":{"@type":"ImageObject","inLanguage":"ro-RO","@id":"https:\/\/lenartoptika.ro\/ro\/#\/schema\/logo\/image\/","url":"https:\/\/lenartoptika.ro\/wp-content\/uploads\/2023\/01\/logo-hor-250.png","contentUrl":"https:\/\/lenartoptika.ro\/wp-content\/uploads\/2023\/01\/logo-hor-250.png","width":250,"height":96,"caption":"L\u00e9n\u00e1rt Optika"},"image":{"@id":"https:\/\/lenartoptika.ro\/ro\/#\/schema\/logo\/image\/"}},{"@type":"WebSite","@id":"https:\/\/lenartoptika.ro\/ro\/#website","url":"https:\/\/lenartoptika.ro\/ro\/","name":"L\u00e9n\u00e1rt Optika","description":"O vedere clar\u0103 \u0219i imaculat\u0103!","publisher":{"@id":"https:\/\/lenartoptika.ro\/ro\/#organization"},"potentialAction":[{"@type":"SearchAction","target":{"@type":"EntryPoint","urlTemplate":"https:\/\/lenartoptika.ro\/ro\/?s={search_term_string}"},"query-input":"required name=search_term_string"}],"inLanguage":"ro-RO"},{"@type":"WebPage","@id":"https:\/\/lenartoptika.ro\/ro\/hoya\/#webpage","url":"https:\/\/lenartoptika.ro\/ro\/hoya\/","name":"Hoya - L\u00e9n\u00e1rt Optika","isPartOf":{"@id":"https:\/\/lenartoptika.ro\/ro\/#website"},"datePublished":"2021-05-05T03:15:06+00:00","dateModified":"2021-05-05T03:18:52+00:00","breadcrumb":{"@id":"https:\/\/lenartoptika.ro\/ro\/hoya\/#breadcrumb"},"inLanguage":"ro-RO","potentialAction":[{"@type":"ReadAction","target":["https:\/\/lenartoptika.ro\/ro\/hoya\/"]}]},{"@type":"BreadcrumbList","@id":"https:\/\/lenartoptika.ro\/ro\/hoya\/#breadcrumb","itemListElement":[{"@type":"ListItem","position":1,"name":"Home","item":"https:\/\/lenartoptika.ro\/ro\/"},{"@type":"ListItem","position":2,"name":"Hoya"}]}]}},"_links":{"self":[{"href":"https:\/\/lenartoptika.ro\/ro\/wp-json\/wp\/v2\/pages\/205"}],"collection":[{"href":"https:\/\/lenartoptika.ro\/ro\/wp-json\/wp\/v2\/pages"}],"about":[{"href":"https:\/\/lenartoptika.ro\/ro\/wp-json\/wp\/v2\/types\/page"}],"author":[{"embeddable":true,"href":"https:\/\/lenartoptika.ro\/ro\/wp-json\/wp\/v2\/users\/1"}],"replies":[{"embeddable":true,"href":"https:\/\/lenartoptika.ro\/ro\/wp-json\/wp\/v2\/comments?post=205"}],"version-history":[{"count":3,"href":"https:\/\/lenartoptika.ro\/ro\/wp-json\/wp\/v2\/pages\/205\/revisions"}],"predecessor-version":[{"id":208,"href":"https:\/\/lenartoptika.ro\/ro\/wp-json\/wp\/v2\/pages\/205\/revisions\/208"}],"wp:attachment":[{"href":"https:\/\/lenartoptika.ro\/ro\/wp-json\/wp\/v2\/media?parent=205"}],"curies":[{"name":"wp","href":"https:\/\/api.w.org\/{rel}","templated":true}]}}